{"id":3702,"date":"2018-03-18T18:49:16","date_gmt":"2018-03-18T15:49:16","guid":{"rendered":"http:\/\/www.imekco.com\/?page_id=3702"},"modified":"2019-11-14T17:33:19","modified_gmt":"2019-11-14T14:33:19","slug":"golovna-storinka","status":"publish","type":"page","link":"https:\/\/www.imekco.com\/de\/golovna-storinka\/","title":{"rendered":"HOME"},"content":{"rendered":"<p>[vc_section full_width=&#8220;stretch_row_content&#8220; css=&#8220;.vc_custom_1534614870766{background-image: url(https:\/\/www.imekco.com\/wp-content\/uploads\/2018\/07\/shutterstock_556460167-min.jpg?id=4629) !important;background-position: center !important;background-repeat: no-repeat !important;background-size: cover !important;}&#8220;][vc_row][vc_column width=&#8220;1\/3&#8243; css=&#8220;.vc_custom_1534622776586{margin-top: 200px !important;margin-bottom: 200px !important;margin-left: 200px !important;}&#8220; offset=&#8220;vc_hidden-sm vc_hidden-xs&#8220;][vc_column_text]<strong><span style=\"font-size: 24pt; color: #003366;\">Wir helfen<br \/>\nIhnen aus Ihren Ideen eine Erfolgsgeschichte zu machen<\/span><\/strong>[\/vc_column_text][vc_btn title=&#8220;Kontakte&#8220; style=&#8220;flat&#8220; color=&#8220;warning&#8220; i_icon_fontawesome=&#8220;stm-phone-11&#8243; add_icon=&#8220;true&#8220; link=&#8220;url:https%3A%2F%2Fwww.imekco.com%2Fde%2Fkontakte%2F|title:Kontakte||&#8220; css=&#8220;.vc_custom_1534615198064{border-top-width: 10px !important;border-bottom-width: 10px !important;}&#8220;][vc_btn title=&#8220;Kompetenzen&#8220; style=&#8220;flat&#8220; color=&#8220;default&#8220; link=&#8220;url:https%3A%2F%2Fwww.imekco.com%2Fde%2Fkompetenzen%2F|title:%D0%9D%D0%B0%D1%88%D1%96%20%D0%BF%D0%BE%D1%81%D0%BB%D1%83%D0%B3%D0%B8||&#8220; css=&#8220;.vc_custom_1534627774989{border-top-width: 10px !important;border-bottom-width: 10px !important;}&#8220;][\/vc_column][vc_column width=&#8220;1\/3&#8243;][\/vc_column][vc_column width=&#8220;1\/3&#8243;][\/vc_column][\/vc_row][\/vc_section][vc_row full_width=&#8220;stretch_row&#8220; css_animation=&#8220;none&#8220; css=&#8220;.vc_custom_1534612443570{margin-top: 0px !important;padding-top: 0px !important;padding-bottom: 0px !important;background-color: #fff !important;}&#8220;][vc_column][vc_column_text]<\/p>\n<p>[\/vc_column_text][vc_column_text css=&#8220;.vc_custom_1521387702381{margin-bottom: 32px !important;}&#8220;]<\/p>\n<p style=\"text-align: justify;\">IMEKCO ist eine Kanzlei, das erfahrene und qualifizierte Experten im Bereich des gewerblichen Rechtsschutzes vereint.\u00a0Die Besonderheit unserer Kanzlei liegt in der Verbindung von dauerhaften praktischen Erfahrungen bei der Erlangung der Rechte auf geistige Eigentumsobjekte und deren gerichtlichen Expertise. Diese Verbindung verschafft die M\u00f6glichkeit, die Risiken fr\u00fchzeitig zu entdecken und zu beseitigen, wenn sie noch nicht so offensichtlich sind. Die Experten des Unternehmens ber\u00fccksichtigen st\u00e4ndig mittel- und langfristige Potentiale der Unternehmensentwicklung des Mandanten. Es erlaubt die Chancen des gewerblichen Rechtsschutzes nicht zu vers\u00e4umen und den Kosten- und Zeitaufwand in Zukunft einzusparen.<\/p>\n<p>[\/vc_column][\/vc_row][vc_row full_width=&#8220;stretch_row_content_no_spaces&#8220; content_placement=&#8220;bottom&#8220; css=&#8220;.vc_custom_1524143584117{margin-bottom: -60px !important;}&#8220;][vc_column][vc_gmaps link=&#8220;#E-8_JTNDaWZyYW1lJTIwc3JjJTNEJTIyaHR0cHMlM0ElMkYlMkZ3d3cuZ29vZ2xlLmNvbSUyRm1hcHMlMkZlbWJlZCUzRnBiJTNEJTIxMW0xOCUyMTFtMTIlMjExbTMlMjExZDI1NDIuMTE3NDE0ODY1NDYzJTIxMmQzMC41MjYyNTQ0MTU3MzAyOSUyMTNkNTAuNDIwMjgzOTc5NDcxMiUyMTJtMyUyMTFmMCUyMTJmMCUyMTNmMCUyMTNtMiUyMTFpMTAyNCUyMTJpNzY4JTIxNGYxMy4xJTIxM20zJTIxMW0yJTIxMXMweDQwZDRjZjE2NTc3ZDkxOGYlMjUzQTB4NzczNzA5Y2MyMjQ5ZGE2NSUyMTJ6MEtMUW50Q1NJQ0xRaHRDYzBKWFFtdENhMEo0aUlDalFtTkNjMEszUW10Q2EwSjRzSUVsTlJVdERUeWslMjE1ZTAlMjEzbTIlMjExc3J1JTIxMnN1YSUyMTR2MTUwMzQyMDAyMDMwMSUyMiUyMHdpZHRoJTNEJTIyNjAwJTIyJTIwaGVpZ2h0JTNEJTIyNDUwJTIyJTIwZnJhbWVib3JkZXIlM0QlMjIwJTIyJTIwc3R5bGUlM0QlMjJib3JkZXIlM0EwJTIyJTIwYWxsb3dmdWxsc2NyZWVuJTNFJTNDJTJGaWZyYW1lJTNF&#8220;][\/vc_column][\/vc_row]<\/p>\n","protected":false},"excerpt":{"rendered":"<p>[vc_section full_width=&#8220;stretch_row_content&#8220; css=&#8220;.vc_custom_1534614870766{background-image: url(https:\/\/www.imekco.com\/wp-content\/uploads\/2018\/07\/shutterstock_556460167-min.jpg?id=4629) !important;background-position: center !important;background-repeat: no-repeat !important;background-size: cover !important;}&#8220;][vc_row][vc_column width=&#8220;1\/3&#8243; css=&#8220;.vc_custom_1534622776586{margin-top: 200px !important;margin-bottom: 200px !important;margin-left: 200px !important;}&#8220; offset=&#8220;vc_hidden-sm vc_hidden-xs&#8220;][vc_column_text]Wir helfen Ihnen aus Ihren Ideen eine Erfolgsgeschichte zu machen[\/vc_column_text][vc_btn title=&#8220;Kontakte&#8220; style=&#8220;flat&#8220; color=&#8220;warning&#8220; i_icon_fontawesome=&#8220;stm-phone-11&#8243; add_icon=&#8220;true&#8220; link=&#8220;url:https%3A%2F%2Fwww.imekco.com%2Fde%2Fkontakte%2F|title:Kontakte||&#8220; css=&#8220;.vc_custom_1534615198064{border-top-width: 10px !important;border-bottom-width: 10px !important;}&#8220;][vc_btn title=&#8220;Kompetenzen&#8220; style=&#8220;flat&#8220; color=&#8220;default&#8220; link=&#8220;url:https%3A%2F%2Fwww.imekco.com%2Fde%2Fkompetenzen%2F|title:%D0%9D%D0%B0%D1%88%D1%96%20%D0%BF%D0%BE%D1%81%D0%BB%D1%83%D0%B3%D0%B8||&#8220; css=&#8220;.vc_custom_1534627774989{border-top-width: 10px !important;border-bottom-width: 10px !important;}&#8220;][\/vc_column][vc_column width=&#8220;1\/3&#8243;][\/vc_column][vc_column width=&#8220;1\/3&#8243;][\/vc_column][\/vc_row][\/vc_section][vc_row full_width=&#8220;stretch_row&#8220; css_animation=&#8220;none&#8220; css=&#8220;.vc_custom_1534612443570{margin-top:<\/p>\n","protected":false},"author":1,"featured_media":0,"parent":0,"menu_order":1,"comment_status":"closed","ping_status":"closed","template":"","meta":{"footnotes":""},"_links":{"self":[{"href":"https:\/\/www.imekco.com\/de\/wp-json\/wp\/v2\/pages\/3702"}],"collection":[{"href":"https:\/\/www.imekco.com\/de\/wp-json\/wp\/v2\/pages"}],"about":[{"href":"https:\/\/www.imekco.com\/de\/wp-json\/wp\/v2\/types\/page"}],"author":[{"embeddable":true,"href":"https:\/\/www.imekco.com\/de\/wp-json\/wp\/v2\/users\/1"}],"replies":[{"embeddable":true,"href":"https:\/\/www.imekco.com\/de\/wp-json\/wp\/v2\/comments?post=3702"}],"version-history":[{"count":2,"href":"https:\/\/www.imekco.com\/de\/wp-json\/wp\/v2\/pages\/3702\/revisions"}],"predecessor-version":[{"id":6117,"href":"https:\/\/www.imekco.com\/de\/wp-json\/wp\/v2\/pages\/3702\/revisions\/6117"}],"wp:attachment":[{"href":"https:\/\/www.imekco.com\/de\/wp-json\/wp\/v2\/media?parent=3702"}],"curies":[{"name":"wp","href":"https:\/\/api.w.org\/{rel}","templated":true}]}}