{"id":3711,"date":"2018-03-18T19:02:46","date_gmt":"2018-03-18T16:02:46","guid":{"rendered":"http:\/\/www.imekco.com\/?page_id=3711"},"modified":"2020-02-20T15:45:53","modified_gmt":"2020-02-20T12:45:53","slug":"ueber-uns","status":"publish","type":"page","link":"https:\/\/www.imekco.com\/de\/ueber-uns\/","title":{"rendered":"\u00dcber Uns"},"content":{"rendered":"<p>[vc_row][vc_column][vc_column_text]<\/p>\n<p style=\"text-align: justify;\">Im Jahre 2007 begann privaten Beratungspraxis f\u00fcr geistiges Eigentum unter der Marke A&amp;P. Das logische Ergebnis der Entwicklung der privaten A&amp;P-Beratungspraxis war die Gr\u00fcndung der IMEKCO LLC im Jahre 2015.<\/p>\n<p style=\"text-align: justify;\">Wir helfen die Unternehmen entwickeln durch den effektiven Einsatz und Schutz der Ergebnisse aus der innovativen Arbeit, die Verbreitung von den besten Praktiken, die mit Schaffung, Nutzung und Schutz der geistigen Eigentumsobjekte zu tun haben, sowie durch den Schutz der Wettbewerbsvorteile und die Vermeidung der Verletzung der geistigen Eigentumsrechte.<\/p>\n<p>&nbsp;<\/p>\n<h5><strong>Was wir tun<\/strong><\/h5>\n<p style=\"text-align: justify;\">Wir spezialisieren uns auf die volle Unterst\u00fctzung aller Transaktionen im Zusammenhang mit dem Erwerb und der Verf\u00fcgung von geistigen Eigentumsrechten in der Ukraine und im Ausland. Die Spezialisten des Unternehmens erstellen und reichen Anmeldungen nach dem PCT- (Internationales Patentsystem), Madrid- (Internationales Markensystem) und dem Haag- (Internationales Designsystem) Verfahren ein. Sie bieten auch eine hochwertige \u00dcbersetzung und Unterst\u00fctzung f\u00fcr den Eintritt von PCT-Anmeldungen in die nationale Phase in der Ukraine.<\/p>\n<p style=\"text-align: justify;\">Wir beraten zu Themen, die von der Idee der Logogestaltung, \u00fcber das Verpackungsdesign, die Entwicklung von Ger\u00e4ten und Prozessen usw. bis hin zu deren Implementierung und Schutz reichen. Eine fr\u00fchzeitige Beratung erm\u00f6glicht einen zeitnahen Abgleich der Rechte aller Entwickler, die Bewertung und das Auffinden von Schutzm\u00f6glichkeiten sowie die Minimierung der Risiken der Verletzung der Rechte Dritter.<\/p>\n<h5><strong>Wer arbeitet mit uns zusammen?<\/strong><\/h5>\n<p style=\"text-align: justify;\">Wir sind stolz darauf, dass wir Ende 2017 \u00fcber die Unternehmer verf\u00fcgten, mit denen wir seit mehr als 10 Jahren zusammenarbeiten, und ihre Zahl steigt jedes Jahr. Dies wurde m\u00f6glich durch unsere st\u00e4ndige Selbstverbesserung, um ein H\u00f6chstma\u00df an Kompetenz und Qualit\u00e4t der Dienstleistungen zu gew\u00e4hrleisten. Die Philosophie unseres Ansatzes basiert auf dem Standpunkt, dass die Erlangung geistiger Eigentumsrechte kein Selbstzweck ist, sondern ein einzigartiges Werkzeug f\u00fcr eine erfolgreiche Gesch\u00e4ftsentwicklung.<\/p>\n<p style=\"text-align: justify;\">Bis heute sind mehr als 700 Firmen und Unternehmer aus der Ukraine, Deutschland, der Tschechischen Republik, Polen und anderen L\u00e4ndern unsere Kunden geworden. Die Hauptkunden unseres Unternehmens sind Einzelunternehmer, kleine und mittlere Unternehmen, die in der Ukraine, der EU, den USA und den L\u00e4ndern des Nahen Ostens t\u00e4tig sind. Die Hauptt\u00e4tigkeitsbereiche unserer Kunden sind die Herstellung von Gewerbe-, K\u00fchl- und Heizger\u00e4ten, Arzneimitteln, Spielzeugen, Lebensmitteln, Aktivit\u00e4ten im Bereich der erneuerbaren Energien, Handel, Bildung und Kunst, Gemeinschaftsern\u00e4hrung, Gasproduktion und -transport.<\/p>\n<p style=\"text-align: justify;\">In den letzten Jahren haben wir erfolgreich mit ukrainischen Gesch\u00e4ftsleuten, die mit Amazon handeln, zusammengearbeitet und diese unterst\u00fctzt.<\/p>\n<h5><strong>Pr\u00e4senz, Gesch\u00e4ftskontakte und soziale Aspekte<\/strong><\/h5>\n<p style=\"text-align: justify;\">Eine aktive Teilnahme an internationalen Fachforen und die Erweiterung der Pr\u00e4senz unserer Kunden tragen zum Aufbau von Gesch\u00e4ftskontakten bei. Auch heute arbeiten wir erfolgreich mit Kollegen und Unternehmern aus Belarus, Belgien, Brasilien, China, Deutschland, der Dominikanischen Republik, Frankreich, Israel, Italien, Jordanien, Kanada, Polen, den USA, den VAE und anderen L\u00e4ndern zusammen.<\/p>\n<p style=\"text-align: justify;\">Unsere Spezialisten sprechen Englisch, Deutsch und Polnisch.<\/p>\n<p style=\"text-align: justify;\">Wir engagieren uns aktiv in Bildungsarbeit und teilen unsere Erfahrungen mit Studenten, Kollegen und Unternehmern, nehmen an \u00f6ffentlichen Foren und Veranstaltungen teil und ver\u00f6ffentlichen Leitartikel f\u00fcr Gesch\u00e4fts- und Fachleute.<\/p>\n<p style=\"text-align: justify;\">Seit 2017 sind wir Mitglied der Deutschen Vereinigung f\u00fcr gewerblichen Rechtsschutz (GRUR), Deutschlands gr\u00f6\u00dfter und \u00e4ltester Vereinigung zum Schutz des geistigen Eigentums.<\/p>\n<p style=\"text-align: right;\"><em>Wir freuen uns auf eine fruchtbare Zusammenarbeit.<br \/>\n<\/em><em>Mit freundlichen Gr\u00fc\u00dfen,<br \/>\n<\/em><em>Andrii Atamanchuk,<br \/>\n<\/em><em>Ukrainischer Patentanwalt und Gr\u00fcnder des Unternehmens<\/em>[\/vc_column_text][\/vc_column][\/vc_row][vc_row css=&#8220;.vc_custom_1582202731964{margin-top: 50px !important;}&#8220;][vc_column][stm_staff_list style=&#8220;grid&#8220; per_row=&#8220;3&#8243; count=&#8220;4&#8243;][\/vc_column][\/vc_row]<\/p>\n","protected":false},"excerpt":{"rendered":"<p>[vc_row][vc_column][vc_column_text] Im Jahre 2007 begann privaten Beratungspraxis f\u00fcr geistiges Eigentum unter der Marke A&amp;P. Das logische Ergebnis der Entwicklung der privaten A&amp;P-Beratungspraxis war die Gr\u00fcndung der IMEKCO LLC im Jahre 2015. Wir helfen die Unternehmen entwickeln durch den effektiven Einsatz und Schutz der Ergebnisse aus der innovativen Arbeit, die Verbreitung von den besten Praktiken, die<\/p>\n","protected":false},"author":1,"featured_media":0,"parent":0,"menu_order":2,"comment_status":"closed","ping_status":"closed","template":"","meta":{"footnotes":""},"_links":{"self":[{"href":"https:\/\/www.imekco.com\/de\/wp-json\/wp\/v2\/pages\/3711"}],"collection":[{"href":"https:\/\/www.imekco.com\/de\/wp-json\/wp\/v2\/pages"}],"about":[{"href":"https:\/\/www.imekco.com\/de\/wp-json\/wp\/v2\/types\/page"}],"author":[{"embeddable":true,"href":"https:\/\/www.imekco.com\/de\/wp-json\/wp\/v2\/users\/1"}],"replies":[{"embeddable":true,"href":"https:\/\/www.imekco.com\/de\/wp-json\/wp\/v2\/comments?post=3711"}],"version-history":[{"count":3,"href":"https:\/\/www.imekco.com\/de\/wp-json\/wp\/v2\/pages\/3711\/revisions"}],"predecessor-version":[{"id":6290,"href":"https:\/\/www.imekco.com\/de\/wp-json\/wp\/v2\/pages\/3711\/revisions\/6290"}],"wp:attachment":[{"href":"https:\/\/www.imekco.com\/de\/wp-json\/wp\/v2\/media?parent=3711"}],"curies":[{"name":"wp","href":"https:\/\/api.w.org\/{rel}","templated":true}]}}