{"id":3715,"date":"2018-03-18T19:13:57","date_gmt":"2018-03-18T16:13:57","guid":{"rendered":"http:\/\/www.imekco.com\/?page_id=3715"},"modified":"2020-09-16T18:10:18","modified_gmt":"2020-09-16T15:10:18","slug":"kontakte","status":"publish","type":"page","link":"https:\/\/www.imekco.com\/de\/kontakte\/","title":{"rendered":"Kontakte"},"content":{"rendered":"<p>[vc_row][vc_column][vc_column_text]<\/p>\n<p style=\"text-align: center;\"><span style=\"font-size: 14pt; color: #000000;\"><strong><span style=\"font-family: arial, helvetica, sans-serif;\">Kontaktieren Sie uns<\/span><\/strong><\/span><\/p>\n<p style=\"text-align: center;\"><strong>Wir w\u00e4ren froh, alle Ihre Fragen zu beantworten und notwendige Erl\u00e4uterungen per Telefon oder in unserem B\u00fcro zu geben.<\/strong><\/p>\n<p style=\"text-align: center;\">\u0410ddress: Jan Pavla II Stra\u00dfe, 4\/6-a, office 404, Kyjiw, Ukraine 01042<\/p>\n<p style=\"text-align: center;\">Phone +38 066 414 37 15<\/p>\n<p style=\"text-align: center;\">Email: <a href=\"mailto:mail@imekco.com\">mail@imekco.com<\/a>\u00a0\u00a0\u00a0\u00a0 Skype: atamanchuk_a<\/p>\n<p style=\"text-align: center;\">Montag bis Freitag: 9:30\u201318:30<br \/>\nSamstag, Sonntag: geschlossen<\/p>\n<p style=\"text-align: center;\"><strong><a href=\"https:\/\/www.facebook.com\/imekco\"> facebook<\/a><\/strong> \u00a0 <strong><a href=\"https:\/\/www.linkedin.com\/company\/18326113\/\">linkedin<\/a><\/strong><\/p>\n<p>[\/vc_column_text][\/vc_column][\/vc_row]<\/p>\n","protected":false},"excerpt":{"rendered":"<p>[vc_row][vc_column][vc_column_text] Kontaktieren Sie uns Wir w\u00e4ren froh, alle Ihre Fragen zu beantworten und notwendige Erl\u00e4uterungen per Telefon oder in unserem B\u00fcro zu geben. \u0410ddress: Jan Pavla II Stra\u00dfe, 4\/6-a, office 404, Kyjiw, Ukraine 01042 Phone +38 066 414 37 15 Email: mail@imekco.com\u00a0\u00a0\u00a0\u00a0 Skype: atamanchuk_a Montag bis Freitag: 9:30\u201318:30 Samstag, Sonntag: geschlossen facebook \u00a0 linkedin [\/vc_column_text][\/vc_column][\/vc_row]<\/p>\n","protected":false},"author":1,"featured_media":0,"parent":0,"menu_order":0,"comment_status":"closed","ping_status":"closed","template":"","meta":{"footnotes":""},"_links":{"self":[{"href":"https:\/\/www.imekco.com\/de\/wp-json\/wp\/v2\/pages\/3715"}],"collection":[{"href":"https:\/\/www.imekco.com\/de\/wp-json\/wp\/v2\/pages"}],"about":[{"href":"https:\/\/www.imekco.com\/de\/wp-json\/wp\/v2\/types\/page"}],"author":[{"embeddable":true,"href":"https:\/\/www.imekco.com\/de\/wp-json\/wp\/v2\/users\/1"}],"replies":[{"embeddable":true,"href":"https:\/\/www.imekco.com\/de\/wp-json\/wp\/v2\/comments?post=3715"}],"version-history":[{"count":6,"href":"https:\/\/www.imekco.com\/de\/wp-json\/wp\/v2\/pages\/3715\/revisions"}],"predecessor-version":[{"id":6318,"href":"https:\/\/www.imekco.com\/de\/wp-json\/wp\/v2\/pages\/3715\/revisions\/6318"}],"wp:attachment":[{"href":"https:\/\/www.imekco.com\/de\/wp-json\/wp\/v2\/media?parent=3715"}],"curies":[{"name":"wp","href":"https:\/\/api.w.org\/{rel}","templated":true}]}}