{"id":3718,"date":"2018-03-18T19:22:27","date_gmt":"2018-03-18T16:22:27","guid":{"rendered":"http:\/\/www.imekco.com\/?page_id=3718"},"modified":"2019-04-15T09:27:34","modified_gmt":"2019-04-15T06:27:34","slug":"kompetenzen","status":"publish","type":"page","link":"https:\/\/www.imekco.com\/de\/kompetenzen\/","title":{"rendered":"Kompetenzen"},"content":{"rendered":"<p>[vc_section css=&#8220;.vc_custom_1544453911125{margin-top: 30px !important;}&#8220;][vc_row css=&#8220;.vc_custom_1524737757081{margin-top: -30px !important;}&#8220;][vc_column][vc_custom_heading stm_title_font_weight=&#8220;600&#8243; text=&#8220;Eintragung, Patentierung, Einf\u00fchrung von \u00c4nderungen&#8220; font_container=&#8220;tag:h4|text_align:left&#8220; use_theme_fonts=&#8220;yes&#8220;][vc_row_inner css=&#8220;.vc_custom_1528990246346{margin-top: 0px !important;margin-bottom: 30px !important;}&#8220;][vc_column_inner width=&#8220;1\/4&#8243;][stm_icon_box hide_title_line=&#8220;hide_title_line&#8220; icon=&#8220;fa fa-map-signs&#8220; style=&#8220;icon_left&#8220; icon_size=&#8220;35&#8243; icon_color=&#8220;base&#8220; icon_bg_color=&#8220;custom&#8220; icon_bg_color_custom=&#8220;#ffffff&#8220; title=&#8220;Marken&#8220; title_font_size=&#8220;14&#8243;]<span style=\"font-size: 10pt;\">Verbale, figurative, klangliche, kombinierte und andere Bezeichnungen.<\/span>[\/stm_icon_box][\/vc_column_inner][vc_column_inner width=&#8220;1\/4&#8243;][stm_icon_box hide_title_line=&#8220;hide_title_line&#8220; icon=&#8220;fa fa-cog&#8220; style=&#8220;icon_left&#8220; icon_size=&#8220;35&#8243; icon_color=&#8220;base&#8220; icon_bg_color=&#8220;custom&#8220; icon_bg_color_custom=&#8220;#ffffff&#8220; title=&#8220;Patente und Gebrauchsmuster&#8220; title_font_size=&#8220;14&#8243;]Substanzen, Vorrichtungen, Prozesse, Verfahren usw.<br \/>\nDie nationale Phase PCT in Ukraine.[\/stm_icon_box][\/vc_column_inner][vc_column_inner width=&#8220;1\/4&#8243;][stm_icon_box hide_title_line=&#8220;hide_title_line&#8220; icon=&#8220;fa fa-bicycle&#8220; style=&#8220;icon_left&#8220; icon_size=&#8220;35&#8243; icon_color=&#8220;base&#8220; icon_bg_color=&#8220;custom&#8220; icon_bg_color_custom=&#8220;#ffffff&#8220; title=&#8220;Designs&#8220; title_font_size=&#8220;14&#8243;]<span style=\"font-size: 10pt;\">Produkt- bzw. Verpackungsdesign, Design von Teilen, Schnittstellen und deren Elementen usw.<\/span>[\/stm_icon_box][\/vc_column_inner][vc_column_inner width=&#8220;1\/4&#8243;][stm_icon_box hide_title_line=&#8220;hide_title_line&#8220; add_link=&#8220;enable&#8220; icon=&#8220;fa fa-pencil-square-o&#8220; style=&#8220;icon_left&#8220; icon_size=&#8220;35&#8243; icon_color=&#8220;base&#8220; icon_bg_color=&#8220;custom&#8220; title=&#8220;Urheberrechte&#8220; title_font_size=&#8220;14&#8243; link=&#8220;url:https%3A%2F%2Fwww.imekco.com%2Fpractice%2Fcopyright%2F|||&#8220; icon_bg_color_custom=&#8220;#ffffff&#8220;]<span style=\"font-size: 10pt;\">Literarische, k\u00fcnstlerische und andere Werke, Musik, Ausf\u00fchrungen, Computerprogramme, Datenbanken usw.<\/span><\/p>\n<p><span style=\"font-size: 10pt;\">\u00a0<\/span>[\/stm_icon_box][\/vc_column_inner][\/vc_row_inner][vc_row_inner][vc_column_inner width=&#8220;1\/4&#8243;][stm_icon_box hide_title_line=&#8220;hide_title_line&#8220; icon=&#8220;fa fa-map-marker&#8220; style=&#8220;icon_left&#8220; icon_size=&#8220;35&#8243; icon_color=&#8220;base&#8220; icon_bg_color=&#8220;custom&#8220; icon_bg_color_custom=&#8220;#ffffff&#8220; title=&#8220;Geografische Herkunftsangaben&#8220; title_font_size=&#8220;14&#8243;]<span style=\"font-size: 10pt;\">Bezeichnungen des Ursprungsorts der Waren mit besonderen Merkmalen, die vom Ursprungsort bestimmt werden.<\/span>[\/stm_icon_box][\/vc_column_inner][vc_column_inner width=&#8220;1\/4&#8243;][stm_icon_box hide_title_line=&#8220;hide_title_line&#8220; icon=&#8220;fa fa-globe&#8220; style=&#8220;icon_left&#8220; icon_size=&#8220;35&#8243; icon_color=&#8220;base&#8220; icon_bg_color=&#8220;custom&#8220; icon_bg_color_custom=&#8220;#ffffff&#8220; title=&#8220;Patentierung im Ausland&#8220; title_font_size=&#8220;14&#8243;]<span style=\"font-size: 10pt;\">Eintragung von Erfindungen, Gebrauchsmustern und Marken im Ausland.<\/span>[\/stm_icon_box][\/vc_column_inner][vc_column_inner width=&#8220;1\/4&#8243;][stm_icon_box hide_title_line=&#8220;hide_title_line&#8220; icon=&#8220;fa fa-random&#8220; style=&#8220;icon_left&#8220; icon_size=&#8220;35&#8243; icon_color=&#8220;base&#8220; icon_bg_color=&#8220;custom&#8220; icon_bg_color_custom=&#8220;#ffffff&#8220; title=&#8220;Begleitung von Transaktionen mit geistigem Eigentum&#8220; title_font_size=&#8220;14&#8243;]<span style=\"font-size: 10pt;\">Erstellung von Vertr\u00e4gen und deren Registrierung, \u00c4nderung der Register, \u00dcberwachung usw.<\/span><\/p>\n<p><span style=\"font-size: 10pt;\">\u00a0<\/span>[\/stm_icon_box][\/vc_column_inner][vc_column_inner width=&#8220;1\/4&#8243;][stm_icon_box hide_title_line=&#8220;hide_title_line&#8220; icon=&#8220;fa fa-laptop&#8220; style=&#8220;icon_left&#8220; icon_size=&#8220;35&#8243; icon_color=&#8220;base&#8220; icon_bg_color=&#8220;custom&#8220; icon_bg_color_custom=&#8220;#ffffff&#8220; title=&#8220;Patentbezogene Dienstleistungen&#8220; title_font_size=&#8220;14&#8243;]<span style=\"font-size: 10pt;\">\u00dcbersetzungen von Patentanmeldungen, Erstellung von Skizzen, Zeichnungen usw.<\/span><\/p>\n<p><span style=\"font-size: 10pt;\">\u00a0<\/span>[\/stm_icon_box][\/vc_column_inner][\/vc_row_inner][vc_separator border_width=&#8220;2&#8243;][vc_custom_heading stm_title_font_weight=&#8220;600&#8243; text=&#8220;Recherche&#8220; font_container=&#8220;tag:h4|text_align:left&#8220; use_theme_fonts=&#8220;yes&#8220; css=&#8220;.vc_custom_1545243357754{margin-top: -30px !important;}&#8220;][vc_row_inner css=&#8220;.vc_custom_1528990440506{margin-top: 30px !important;margin-bottom: 30px !important;}&#8220;][vc_column_inner width=&#8220;1\/4&#8243;][stm_icon_box hide_title_line=&#8220;hide_title_line&#8220; icon=&#8220;fa fa-search&#8220; style=&#8220;icon_left&#8220; icon_size=&#8220;35&#8243; icon_color=&#8220;base&#8220; icon_bg_color=&#8220;custom&#8220; icon_bg_color_custom=&#8220;#ffffff&#8220; title=&#8220;Recherchen durch Marken&#8220; title_font_size=&#8220;14&#8243;]<span style=\"font-size: 10pt;\">Recherchen durch identische und \u00e4hnliche Bezeichnungen unter registrierten und zu registrierenden Marken, Analyse der Ergebnisse.<\/span><\/p>\n<p style=\"text-align: justify;\"><span style=\"font-size: 10pt;\">\u00a0<\/span><\/p>\n<p>[\/stm_icon_box][\/vc_column_inner][vc_column_inner width=&#8220;1\/4&#8243;][stm_icon_box hide_title_line=&#8220;hide_title_line&#8220; icon=&#8220;fa fa-search&#8220; style=&#8220;icon_left&#8220; icon_size=&#8220;35&#8243; icon_color=&#8220;base&#8220; icon_bg_color=&#8220;custom&#8220; icon_bg_color_custom=&#8220;#ffffff&#8220; title=&#8220;Recherche nach Stand der Technik&#8220; title_font_size=&#8220;14&#8243;]<span style=\"font-size: 10pt;\">Analyse der Novit\u00e4t, Erfindungsh\u00f6he und gewerblichen Anwendbarkeit der technischen L\u00f6sung zu einem bestimmten Zeitpunkt.<\/span><\/p>\n<p style=\"text-align: justify;\"><span style=\"font-size: 10pt;\">\u00a0<\/span><\/p>\n<p>[\/stm_icon_box][\/vc_column_inner][vc_column_inner width=&#8220;1\/4&#8243;][stm_icon_box hide_title_line=&#8220;hide_title_line&#8220; icon=&#8220;fa fa-search&#8220; style=&#8220;icon_left&#8220; icon_size=&#8220;35&#8243; icon_color=&#8220;base&#8220; icon_bg_color=&#8220;custom&#8220; icon_bg_color_custom=&#8220;#ffffff&#8220; title=&#8220;Recherchen des Designs&#8220; title_font_size=&#8220;14&#8243;]<span style=\"font-size: 10pt;\">Analyse der Novit\u00e4t und Neuartigkeit des Designs zu einem bestimmten Zeitpunkt.<\/span>[\/stm_icon_box][\/vc_column_inner][vc_column_inner width=&#8220;1\/4&#8243;][stm_icon_box hide_title_line=&#8220;hide_title_line&#8220; icon=&#8220;fa fa-unlock&#8220; style=&#8220;icon_left&#8220; icon_size=&#8220;35&#8243; icon_color=&#8220;base&#8220; icon_bg_color=&#8220;custom&#8220; icon_bg_color_custom=&#8220;#ffffff&#8220; title=&#8220;Aus\u00fcbungsfreiheit&#8220; title_font_size=&#8220;14&#8243;]<\/p>\n<p style=\"text-align: justify;\"><span style=\"font-size: 10pt;\">Analyse des Produktes, der Prozesse, der Verpackung vor dem Inverkehrbringen des Gegenstandes bzgl. einer m\u00f6glichen Verletzung von Schutzrechten Dritter.<\/span><\/p>\n<p>[\/stm_icon_box][\/vc_column_inner][\/vc_row_inner][vc_row_inner css=&#8220;.vc_custom_1524677274643{margin-top: 30px !important;}&#8220;][vc_column_inner width=&#8220;1\/4&#8243;][stm_icon_box hide_title_line=&#8220;hide_title_line&#8220; icon=&#8220;fa fa-search&#8220; style=&#8220;icon_left&#8220; icon_size=&#8220;35&#8243; icon_color=&#8220;base&#8220; icon_bg_color=&#8220;custom&#8220; icon_bg_color_custom=&#8220;#ffffff&#8220; title=&#8220;Sicherheitsanalyse der Wettbewerbsvorteile&#8220; title_font_size=&#8220;14&#8243;]<span style=\"font-size: 10pt;\">Umfangreiche Sicherheitsanalyse und Bewertung der Wettbewerbsvorteile der Produkte, L\u00f6sungen und Merkmale.<\/span><\/p>\n<p style=\"text-align: justify;\"><span style=\"font-size: 10pt;\">.<\/span><\/p>\n<p>[\/stm_icon_box][\/vc_column_inner][vc_column_inner width=&#8220;1\/4&#8243;][stm_icon_box hide_title_line=&#8220;hide_title_line&#8220; icon=&#8220;fa fa-search&#8220; style=&#8220;icon_left&#8220; icon_size=&#8220;35&#8243; icon_color=&#8220;base&#8220; icon_bg_color=&#8220;custom&#8220; icon_bg_color_custom=&#8220;#ffffff&#8220; title=&#8220;Analyse der Risiken in der Zollabwicklung&#8220; title_font_size=&#8220;14&#8243;]<\/p>\n<p style=\"text-align: justify;\"><span style=\"font-size: 10pt;\">Bewertung der Risiken in der Zollabwicklung in der Ukraine der Beschlagnahme von Waren wegen mutma\u00dflicher Verletzung von Schutzrechten.<\/span><\/p>\n<p>[\/stm_icon_box][\/vc_column_inner][vc_column_inner width=&#8220;1\/4&#8243;][stm_icon_box hide_title_line=&#8220;hide_title_line&#8220; icon=&#8220;fa fa-truck&#8220; style=&#8220;icon_left&#8220; icon_size=&#8220;35&#8243; icon_color=&#8220;base&#8220; icon_bg_color=&#8220;custom&#8220; icon_bg_color_custom=&#8220;#ffffff&#8220; title=&#8220;Verfolgung und Bek\u00e4mpfung von Urheberechtsverletzungen im Internet&#8220; title_font_size=&#8220;14&#8243;]<\/p>\n<p style=\"text-align: justify;\"><span style=\"font-size: 10pt;\">Verfolgung und Bek\u00e4mpfung von Verletzungen der Rechte des geistigen Eigentums im Internet, einschlie\u00dflich in Recherchesystemen und Handelsplattformen.<\/span><\/p>\n<p>[\/stm_icon_box][\/vc_column_inner][vc_column_inner width=&#8220;1\/4&#8243;][\/vc_column_inner][\/vc_row_inner][vc_separator border_width=&#8220;2&#8243;][vc_empty_space][\/vc_column][\/vc_row][\/vc_section][vc_row full_width=&#8220;stretch_row&#8220; disable_element=&#8220;yes&#8220; el_class=&#8220;third_bg_color&#8220; css=&#8220;.vc_custom_1528991837335{margin-bottom: -60px !important;}&#8220;][vc_column][vc_custom_heading stm_title_font_weight=&#8220;600&#8243; text=&#8220;IP litigation &amp; Unfair Competition&#8220; font_container=&#8220;tag:h4|text_align:left&#8220; use_theme_fonts=&#8220;yes&#8220; css=&#8220;.vc_custom_1532022998760{margin-top: -30px !important;}&#8220;][vc_separator border_width=&#8220;2&#8243;][vc_row_inner css=&#8220;.vc_custom_1524677274643{margin-top: 30px !important;}&#8220;][vc_column_inner width=&#8220;1\/4&#8243;][stm_icon_box hide_title_line=&#8220;hide_title_line&#8220; icon=&#8220;fa fa-users&#8220; style=&#8220;icon_left&#8220; icon_size=&#8220;30&#8243; icon_color=&#8220;base&#8220; icon_bg_color=&#8220;custom&#8220; icon_bg_color_custom=&#8220;#ffffff&#8220; title=&#8220;Representation before the Ukrainian Patent Office&#8220; title_font_size=&#8220;14&#8243;]<\/p>\n<p style=\"text-align: justify;\"><span style=\"font-size: 10pt;\">Representation before the Ukrainian Patent Office and its Chamber of Appeal, submitting appeals against actions and decisions of the Ukrainian Patent Office.<\/span><\/p>\n<p>[\/stm_icon_box][\/vc_column_inner][vc_column_inner width=&#8220;1\/4&#8243;][stm_icon_box hide_title_line=&#8220;hide_title_line&#8220; icon=&#8220;fa fa-users&#8220; style=&#8220;icon_left&#8220; icon_size=&#8220;30&#8243; icon_color=&#8220;base&#8220; icon_bg_color=&#8220;custom&#8220; icon_bg_color_custom=&#8220;#ffffff&#8220; title=&#8220;Representation before the Court and Authorities&#8220; title_font_size=&#8220;14&#8243;]<\/p>\n<p style=\"text-align: justify;\"><span style=\"font-size: 10pt;\">Representation in litigations related to the intellectual property rights and before the authorities in IP-related cases.<\/span><\/p>\n<p>[\/stm_icon_box][\/vc_column_inner][vc_column_inner width=&#8220;1\/4&#8243;][stm_icon_box hide_title_line=&#8220;hide_title_line&#8220; icon=&#8220;fa fa-users&#8220; style=&#8220;icon_left&#8220; icon_size=&#8220;30&#8243; icon_color=&#8220;base&#8220; icon_bg_color=&#8220;custom&#8220; icon_bg_color_custom=&#8220;#ffffff&#8220; title=&#8220;Enforcing the IP rights on the Border&#8220; title_font_size=&#8220;14&#8243;]<\/p>\n<p style=\"text-align: justify;\"><span style=\"font-size: 10pt;\">The recordation of IP rights in customs\u2019 databases is aimed to prohibit the export\/import of goods that infringe your IP rights.<\/span><\/p>\n<p>[\/stm_icon_box][\/vc_column_inner][vc_column_inner width=&#8220;1\/4&#8243;][stm_icon_box hide_title_line=&#8220;hide_title_line&#8220; icon=&#8220;fa fa-users&#8220; style=&#8220;icon_left&#8220; icon_size=&#8220;30&#8243; icon_color=&#8220;base&#8220; icon_bg_color=&#8220;custom&#8220; icon_bg_color_custom=&#8220;#ffffff&#8220; title=&#8220;Protection against Unfair Competition&#8220; title_font_size=&#8220;14&#8243;]<\/p>\n<p style=\"text-align: justify;\"><span style=\"font-size: 10pt;\">Support for the cases related to actions running counter to the rules of trade and other fairness traditions in business activities, including the risks of violation of the laws on protection against unfair competition in advertising, packaging, etc.<\/span><\/p>\n<p>[\/stm_icon_box][\/vc_column_inner][\/vc_row_inner][vc_row_inner css=&#8220;.vc_custom_1524677274643{margin-top: 30px !important;}&#8220;][vc_column_inner width=&#8220;1\/4&#8243;][stm_icon_box hide_title_line=&#8220;hide_title_line&#8220; icon=&#8220;fa fa-users&#8220; style=&#8220;icon_left&#8220; icon_size=&#8220;35&#8243; icon_color=&#8220;base&#8220; icon_bg_color=&#8220;custom&#8220; icon_bg_color_custom=&#8220;#ffffff&#8220; title=&#8220;Accessibility and Market Potential Analysis&#8220; title_font_size=&#8220;14&#8243;]<\/p>\n<p style=\"text-align: justify;\"><span style=\"font-size: 10pt;\">The research and analysis of the ways for new market entry, checking a company for compliance with general and specific requirements in the country.<\/span><\/p>\n<p>[\/stm_icon_box][\/vc_column_inner][vc_column_inner width=&#8220;1\/4&#8243;][stm_icon_box hide_title_line=&#8220;hide_title_line&#8220; icon=&#8220;fa fa-eye&#8220; style=&#8220;icon_left&#8220; icon_size=&#8220;35&#8243; icon_color=&#8220;base&#8220; icon_bg_color=&#8220;custom&#8220; icon_bg_color_custom=&#8220;#ffffff&#8220; title=&#8220;Export Market Overview&#8220; title_font_size=&#8220;14&#8243;]<\/p>\n<p style=\"text-align: justify;\"><span style=\"font-size: 10pt;\">The overview of the export markets according to company&#8217;s requirements.<\/span><\/p>\n<p>[\/stm_icon_box][\/vc_column_inner][vc_column_inner width=&#8220;1\/4&#8243;][stm_icon_box hide_title_line=&#8220;hide_title_line&#8220; icon=&#8220;fa fa-users&#8220; style=&#8220;icon_left&#8220; icon_size=&#8220;35&#8243; icon_color=&#8220;base&#8220; icon_bg_color=&#8220;custom&#8220; icon_bg_color_custom=&#8220;#ffffff&#8220; title=&#8220;Assisting in Developing an Export Strategy&#8220; title_font_size=&#8220;14&#8243;]<\/p>\n<p style=\"text-align: justify;\"><span style=\"font-size: 10pt;\">The Identification of export strengths and weaknesses to enable a company to develop an export strategy within its recourse capabilities and focused on its strengths.<\/span><\/p>\n<p>[\/stm_icon_box][\/vc_column_inner][vc_column_inner width=&#8220;1\/4&#8243;][stm_icon_box hide_title_line=&#8220;hide_title_line&#8220; icon=&#8220;fa fa-users&#8220; style=&#8220;icon_left&#8220; icon_size=&#8220;35&#8243; icon_color=&#8220;base&#8220; icon_bg_color=&#8220;custom&#8220; icon_bg_color_custom=&#8220;#ffffff&#8220; title=&#8220;Searching for and Checking Trade Partners&#8220; title_font_size=&#8220;14&#8243;]<\/p>\n<p style=\"text-align: justify;\"><span style=\"font-size: 10pt;\">The assistance in finding new trade partners in Ukraine and abroad.<\/span><\/p>\n<p>[\/stm_icon_box][\/vc_column_inner][\/vc_row_inner][stm_icon_box hide_title_line=&#8220;hide_title_line&#8220; icon=&#8220;fa fa-sliders&#8220; style=&#8220;icon_left&#8220; icon_size=&#8220;35&#8243; icon_color=&#8220;base&#8220; icon_bg_color=&#8220;custom&#8220; icon_bg_color_custom=&#8220;#ffffff&#8220; title=&#8220;IP rights Management&#8220; title_font_size=&#8220;14&#8243;]<\/p>\n<p style=\"text-align: justify;\"><span style=\"font-size: 10pt;\">Implementing the best practices of IP rights management in creating and using the inventions, designs, trademarks, etc. for reducing the IP infringement risks and better using own opportunities.<\/span><\/p>\n<p>[\/stm_icon_box][vc_custom_heading stm_title_font_weight=&#8220;600&#8243; text=&#8220;Business Consulting and IPR Management&#8220; font_container=&#8220;tag:h4|text_align:left&#8220; use_theme_fonts=&#8220;yes&#8220; css=&#8220;.vc_custom_1532023036550{margin-top: -30px !important;}&#8220;][\/vc_column][\/vc_row]<\/p>\n","protected":false},"excerpt":{"rendered":"<p>[vc_section css=&#8220;.vc_custom_1544453911125{margin-top: 30px !important;}&#8220;][vc_row css=&#8220;.vc_custom_1524737757081{margin-top: -30px !important;}&#8220;][vc_column][vc_custom_heading stm_title_font_weight=&#8220;600&#8243; text=&#8220;Eintragung, Patentierung, Einf\u00fchrung von \u00c4nderungen&#8220; font_container=&#8220;tag:h4|text_align:left&#8220; use_theme_fonts=&#8220;yes&#8220;][vc_row_inner css=&#8220;.vc_custom_1528990246346{margin-top: 0px !important;margin-bottom: 30px !important;}&#8220;][vc_column_inner width=&#8220;1\/4&#8243;][stm_icon_box hide_title_line=&#8220;hide_title_line&#8220; icon=&#8220;fa fa-map-signs&#8220; style=&#8220;icon_left&#8220; icon_size=&#8220;35&#8243; icon_color=&#8220;base&#8220; icon_bg_color=&#8220;custom&#8220; icon_bg_color_custom=&#8220;#ffffff&#8220; title=&#8220;Marken&#8220; title_font_size=&#8220;14&#8243;]Verbale, figurative, klangliche, kombinierte und andere Bezeichnungen.[\/stm_icon_box][\/vc_column_inner][vc_column_inner width=&#8220;1\/4&#8243;][stm_icon_box hide_title_line=&#8220;hide_title_line&#8220; icon=&#8220;fa fa-cog&#8220; style=&#8220;icon_left&#8220; icon_size=&#8220;35&#8243; icon_color=&#8220;base&#8220; icon_bg_color=&#8220;custom&#8220; icon_bg_color_custom=&#8220;#ffffff&#8220; title=&#8220;Patente und Gebrauchsmuster&#8220; title_font_size=&#8220;14&#8243;]Substanzen, Vorrichtungen, Prozesse, Verfahren usw. Die<\/p>\n","protected":false},"author":1,"featured_media":0,"parent":0,"menu_order":3,"comment_status":"closed","ping_status":"closed","template":"","meta":{"footnotes":""},"_links":{"self":[{"href":"https:\/\/www.imekco.com\/de\/wp-json\/wp\/v2\/pages\/3718"}],"collection":[{"href":"https:\/\/www.imekco.com\/de\/wp-json\/wp\/v2\/pages"}],"about":[{"href":"https:\/\/www.imekco.com\/de\/wp-json\/wp\/v2\/types\/page"}],"author":[{"embeddable":true,"href":"https:\/\/www.imekco.com\/de\/wp-json\/wp\/v2\/users\/1"}],"replies":[{"embeddable":true,"href":"https:\/\/www.imekco.com\/de\/wp-json\/wp\/v2\/comments?post=3718"}],"version-history":[{"count":0,"href":"https:\/\/www.imekco.com\/de\/wp-json\/wp\/v2\/pages\/3718\/revisions"}],"wp:attachment":[{"href":"https:\/\/www.imekco.com\/de\/wp-json\/wp\/v2\/media?parent=3718"}],"curies":[{"name":"wp","href":"https:\/\/api.w.org\/{rel}","templated":true}]}}