{"id":5645,"date":"2018-12-19T22:14:21","date_gmt":"2018-12-19T19:14:21","guid":{"rendered":"https:\/\/www.imekco.com\/?page_id=5645"},"modified":"2020-02-18T19:44:14","modified_gmt":"2020-02-18T16:44:14","slug":"patente-und-gebrauchsmuster-in-der-ukraine","status":"publish","type":"page","link":"https:\/\/www.imekco.com\/de\/patente-und-gebrauchsmuster-in-der-ukraine\/","title":{"rendered":"Patente und Gebrauchsmuster in der Ukraine"},"content":{"rendered":"<p style=\"text-align: justify;\">Die wirtschaftlich erfolgreichen Ideen werden h\u00e4ufig kopiert und nachgemacht. Mit Patenten und Gebrauchsmustern k\u00f6nnen Sie Ihre technischen Erfindungen vor Nachahmung sch\u00fctzen. Durch sie gewinnen Sie ein befristetes Monopol f\u00fcr die Verwertung Ihrer Erfindung.<\/p>\n<p style=\"text-align: justify;\">Ein Patent wird f\u00fcr alle technischen Erfindungen erteilt, die neu sind, auf einer erfinderischen T\u00e4tigkeit beruhen und gewerblich anwendbar sind.<\/p>\n<p style=\"text-align: justify;\">Als Gebrauchsmuster werden Erfindungen gesch\u00fctzt, die neu und gewerblich anwendbar sind. Das Gebrauchsmuster ist ein ungepr\u00fcftes Schutzrecht. Im Eintragungsverfahren werden Neuheit, erfinderischer Schritt und gewerbliche Anwendbarkeit nicht gepr\u00fcft.<\/p>\n<p>Als Gegenstand eines Patents oder Gebrauchsmusters k\u00f6nnen daher sein:<\/p>\n<ul>\n<li>Produkt (z. B. Vorrichtung, Stoffe, Mikroorganismenstamm) oder<\/li>\n<li>Vervahren.<\/li>\n<\/ul>\n<p style=\"text-align: justify;\">Die Laufzeit eines Gebrauchsmusters betr\u00e4gt maximal 10 Jahre ab dem Anmeldetag. Die Schutzdauer des Patentes betr\u00e4gt maximal 20 Jahre ab dem Anmeldetag.<\/p>\n<p style=\"text-align: justify;\">Die Frist f\u00fcr den Eintritt in die nationale Phase der PCT-Anmeldung betr\u00e4gt daher 31 Monate ab dem Priorit\u00e4tsdatum.<\/p>\n<p style=\"text-align: justify;\">In der Regel erfolgt die Eintragung innerhalb von 12 Monaten (f\u00fcr Gebrauchsmuster) und ca. 2-3 Jahre (f\u00fcr Patent) nach Einreichung des Antrags.<\/p>\n<p>Unsere Serviceleistungen:<\/p>\n<ul>\n<li>Ausarbeitung, Einreichung und Verfolgung von internationalen, nationalen oder regionalen Patentanmeldungen;<\/li>\n<li>Eintritt in die nationale Phase der PCT-Anmeldung in der Ukraine, Russland, Wei\u00dfrussland, Kasachstan;<\/li>\n<li>Patentrecherche nach Dokumenten des Stands der Technik, Freedom-to-Operate-Analyse;<\/li>\n<li>\u00dcberwachung von Schutzrechten Ihrer Konkurrenten;<\/li>\n<li>IP-Vertr\u00e4ge und Lizenzen;<\/li>\n<li>Antr\u00e4ge auf T\u00e4tigwerden der Zollbeh\u00f6rde im Bereich des gewerblichen Rechtsschutzes<\/li>\n<li>Gutachten \u00fcber diverse im gewerblichen Rechtsschutz auftretende Fragestellungen.<\/li>\n<\/ul>\n","protected":false},"excerpt":{"rendered":"<p>Die wirtschaftlich erfolgreichen Ideen werden h\u00e4ufig kopiert und nachgemacht. Mit Patenten und Gebrauchsmustern k\u00f6nnen Sie Ihre technischen Erfindungen vor Nachahmung sch\u00fctzen. Durch sie gewinnen Sie ein befristetes Monopol f\u00fcr die Verwertung Ihrer Erfindung. Ein Patent wird f\u00fcr alle technischen Erfindungen erteilt, die neu sind, auf einer erfinderischen T\u00e4tigkeit beruhen und gewerblich anwendbar sind. Als Gebrauchsmuster<\/p>\n","protected":false},"author":1,"featured_media":0,"parent":0,"menu_order":0,"comment_status":"closed","ping_status":"closed","template":"","meta":{"footnotes":""},"_links":{"self":[{"href":"https:\/\/www.imekco.com\/de\/wp-json\/wp\/v2\/pages\/5645"}],"collection":[{"href":"https:\/\/www.imekco.com\/de\/wp-json\/wp\/v2\/pages"}],"about":[{"href":"https:\/\/www.imekco.com\/de\/wp-json\/wp\/v2\/types\/page"}],"author":[{"embeddable":true,"href":"https:\/\/www.imekco.com\/de\/wp-json\/wp\/v2\/users\/1"}],"replies":[{"embeddable":true,"href":"https:\/\/www.imekco.com\/de\/wp-json\/wp\/v2\/comments?post=5645"}],"version-history":[{"count":3,"href":"https:\/\/www.imekco.com\/de\/wp-json\/wp\/v2\/pages\/5645\/revisions"}],"predecessor-version":[{"id":6249,"href":"https:\/\/www.imekco.com\/de\/wp-json\/wp\/v2\/pages\/5645\/revisions\/6249"}],"wp:attachment":[{"href":"https:\/\/www.imekco.com\/de\/wp-json\/wp\/v2\/media?parent=5645"}],"curies":[{"name":"wp","href":"https:\/\/api.w.org\/{rel}","templated":true}]}}