{"id":5650,"date":"2018-12-19T22:25:35","date_gmt":"2018-12-19T19:25:35","guid":{"rendered":"https:\/\/www.imekco.com\/?page_id=5650"},"modified":"2020-02-18T19:43:17","modified_gmt":"2020-02-18T16:43:17","slug":"marken-in-der-ukraine","status":"publish","type":"page","link":"https:\/\/www.imekco.com\/de\/marken-in-der-ukraine\/","title":{"rendered":"Marken in der Ukraine"},"content":{"rendered":"<p style=\"text-align: justify;\">Eine Marke ist ein Zeichen, das Waren und Dienstleistungen eines Unternehmens kennzeichnet und von anderen Waren und Dienstleistungen anderer Unternehmen unterscheidet. In der Ukraine k\u00f6nnen als Marke unter anderem W\u00f6rter einschlie\u00dflich Personennamen, Abbildungen, Buchstaben, Zahlen, Kl\u00e4nge, sowie sonstige Aufmachungen einschlie\u00dflich Farben und Farbzusammenstellungen gesch\u00fctzt werden.<\/p>\n<p style=\"text-align: justify;\">F\u00fcr das Erfordernis der graphischen Darstellung einer melodischen H\u00f6rmarke wird die Vorlage einer Notenschrift notwendig, damit das tats\u00e4chliche Klangbild f\u00fcr den Pr\u00fcfer des UPA lesbar ist.<\/p>\n<p style=\"text-align: justify;\">In der Ukraine sind die Geruchsmarken, die Geschmacksmarken und auch die Tastmarken nicht markenf\u00e4hig.<\/p>\n<p style=\"text-align: justify;\">Das Eintragungsverfahren f\u00fcr eine Marke ist in der Regel in 18 bis 20 Monaten abgeschlossen. Es gibt die M\u00f6glichkeit, einen Antrag auf beschleunigte Pr\u00fcfung zu stellen. In diesem Fall erfolgt die Markeneintragung innerhalb von 8 bis 9 Monaten nach der Anmeldung.<\/p>\n<p style=\"text-align: justify;\">Die Schutzdauer einer eingetragenen Marke beginnt mit dem Anmeldetag und endet 10 Jahre danach und k\u00f6nnte um jeweils 10 Jahre verl\u00e4ngert werden.<\/p>\n<h6>Unsere Serviceleistungen:<\/h6>\n<ul>\n<li>Markenanmeldung f\u00fcr die Ukraine oder anderen L\u00e4nder (national, regional und international);<\/li>\n<li>Komplexe \u00c4hnlichkeitsrecherche nach identischen und \u00e4hnlichen Marken;<\/li>\n<li>Antwort auf die vorl\u00e4ufige Schutzverweigerung in der Ukraine;<\/li>\n<li>Widerspruch gegen Eintragung einer Marke;<\/li>\n<li>Trade Mark Searching &amp; Watching;<\/li>\n<li>IP-Vertr\u00e4ge und Lizenzen;<\/li>\n<li>Verl\u00e4ngerung der Schutzdauer einer Marke;<\/li>\n<li>Antr\u00e4ge auf T\u00e4tigwerden der Zollbeh\u00f6rde im Bereich des gewerblichen Rechtsschutzes.<\/li>\n<\/ul>\n","protected":false},"excerpt":{"rendered":"<p>Eine Marke ist ein Zeichen, das Waren und Dienstleistungen eines Unternehmens kennzeichnet und von anderen Waren und Dienstleistungen anderer Unternehmen unterscheidet. In der Ukraine k\u00f6nnen als Marke unter anderem W\u00f6rter einschlie\u00dflich Personennamen, Abbildungen, Buchstaben, Zahlen, Kl\u00e4nge, sowie sonstige Aufmachungen einschlie\u00dflich Farben und Farbzusammenstellungen gesch\u00fctzt werden. F\u00fcr das Erfordernis der graphischen Darstellung einer melodischen H\u00f6rmarke wird<\/p>\n","protected":false},"author":1,"featured_media":0,"parent":0,"menu_order":0,"comment_status":"closed","ping_status":"closed","template":"","meta":{"footnotes":""},"_links":{"self":[{"href":"https:\/\/www.imekco.com\/de\/wp-json\/wp\/v2\/pages\/5650"}],"collection":[{"href":"https:\/\/www.imekco.com\/de\/wp-json\/wp\/v2\/pages"}],"about":[{"href":"https:\/\/www.imekco.com\/de\/wp-json\/wp\/v2\/types\/page"}],"author":[{"embeddable":true,"href":"https:\/\/www.imekco.com\/de\/wp-json\/wp\/v2\/users\/1"}],"replies":[{"embeddable":true,"href":"https:\/\/www.imekco.com\/de\/wp-json\/wp\/v2\/comments?post=5650"}],"version-history":[{"count":1,"href":"https:\/\/www.imekco.com\/de\/wp-json\/wp\/v2\/pages\/5650\/revisions"}],"predecessor-version":[{"id":6247,"href":"https:\/\/www.imekco.com\/de\/wp-json\/wp\/v2\/pages\/5650\/revisions\/6247"}],"wp:attachment":[{"href":"https:\/\/www.imekco.com\/de\/wp-json\/wp\/v2\/media?parent=5650"}],"curies":[{"name":"wp","href":"https:\/\/api.w.org\/{rel}","templated":true}]}}