{"id":3406,"date":"2017-09-26T18:42:42","date_gmt":"2017-09-26T15:42:42","guid":{"rendered":"http:\/\/www.imekco.com\/about-us\/"},"modified":"2020-02-20T15:48:06","modified_gmt":"2020-02-20T12:48:06","slug":"about-us","status":"publish","type":"page","link":"https:\/\/www.imekco.com\/pl\/about-us\/","title":{"rendered":"O nas"},"content":{"rendered":"<p>[vc_row][vc_column][vc_column_text]<\/p>\n<p style=\"text-align: justify;\">IMEKCO \u2013 kancelaria patentowa na Ukrainie zatrudniaj\u0105ca do\u015bwiadczonych, wykwalifikowanych specjalist\u00f3w w dziedzinie ochrony w\u0142asno\u015bci intelektualnej. Jej specyfika polega na po\u0142\u0105czeniu wielkiego, praktycznego do\u015bwiadczenia w zakresie nabywania praw do przedmiot\u00f3w w\u0142asno\u015bci intelektualnej (wynalazk\u00f3w, wzor\u00f3w u\u017cytkowych, wzor\u00f3w przemys\u0142owych, znak\u00f3w towarowych) oraz ekspertyzy s\u0105dowej w dziedzinie w\u0142asno\u015bci intelektualnej. Ta kombinacja pozwala zauwa\u017ca\u0107 i eliminowa\u0107 ryzyko na wczesnym etapie, gdy jest mniej zauwa\u017calne. Specjali\u015bci firmy zawsze bior\u0105 pod uwag\u0119 potencjalny rozw\u00f3j biznesowy klienta w perspektywie \u015brednio- i d\u0142ugoterminowej, co pozwala wykorzysta\u0107 mo\u017cliwo\u015bci, jakie daje w\u0142asno\u015b\u0107 intelektualna, a tak\u017ce zaoszcz\u0119dzi\u0107 czas i pieni\u0105dze w przysz\u0142o\u015bci.<\/p>\n<p style=\"text-align: justify;\">Kancelaria patentowa IMEKCO zosta\u0142a zarejestrowana w 2015 roku po 10 latach prywatnej praktyki jako firma A&amp;P (ap-ip.com).\u00a0W 2017 roku Kancelaria zosta\u0142a cz\u0142onkiem Niemieckiego Stowarzyszenia Ochrony W\u0142asno\u015bci Intelektualnej (GRUR), najwi\u0119kszego i najstarszego stowarzyszenia zawodowego Niemiec w dziedzinie w\u0142asno\u015bci intelektualnej.<\/p>\n<p style=\"text-align: justify;\">Nasi klienci to firmy i przedsi\u0119biorcy z Niemiec, Czech, Polski, W\u0142och, Dominikany, Cypru i innych kraj\u00f3w. W szczeg\u00f3lno\u015bci s\u0105 to wiod\u0105ce, innowacyjne firmy z Ukrainy i Europy \u015arodkowej i Wschodniej, produkuj\u0105ce urz\u0105dzenia ch\u0142odnicze i grzewcze, firmy farmaceutyczne, handlowe, edukacyjne, importerzy, plac\u00f3wki gastronomiczne, firmy specjalizuj\u0105ce si\u0119 w wydobyciu i transporcie gazu itd.<\/p>\n<p style=\"text-align: justify;\">Nasza Kancelaria nawi\u0105za\u0142a przyjazne kontakty biznesowe z kolegami z Niemiec, Francji, W\u0142och, Belgii, Polski, Bia\u0142orusi, Rosji, USA, Kanady, Brazylii, Dominikany, OAU, Egiptu, Jordanii i innych kraj\u00f3w.<\/p>\n<p>My rozmawiamy w j\u0119zyku polskim, angielskim, niemieckim.[\/vc_column_text][\/vc_column][\/vc_row][vc_row css=&#8221;.vc_custom_1582202869997{margin-top: 50px !important;}&#8221;][vc_column][stm_staff_list style=&#8221;grid&#8221; per_row=&#8221;3&#8243; count=&#8221;4&#8243;][\/vc_column][\/vc_row]<\/p>\n","protected":false},"excerpt":{"rendered":"<p>[vc_row][vc_column][vc_column_text] IMEKCO \u2013 kancelaria patentowa na Ukrainie zatrudniaj\u0105ca do\u015bwiadczonych, wykwalifikowanych specjalist\u00f3w w dziedzinie ochrony w\u0142asno\u015bci intelektualnej. Jej specyfika polega na po\u0142\u0105czeniu wielkiego, praktycznego do\u015bwiadczenia w zakresie nabywania praw do przedmiot\u00f3w w\u0142asno\u015bci intelektualnej (wynalazk\u00f3w, wzor\u00f3w u\u017cytkowych, wzor\u00f3w przemys\u0142owych, znak\u00f3w towarowych) oraz ekspertyzy s\u0105dowej w dziedzinie w\u0142asno\u015bci intelektualnej. Ta kombinacja pozwala zauwa\u017ca\u0107 i eliminowa\u0107 ryzyko na wczesnym<\/p>\n","protected":false},"author":1,"featured_media":0,"parent":0,"menu_order":2,"comment_status":"closed","ping_status":"closed","template":"","meta":{"footnotes":""},"_links":{"self":[{"href":"https:\/\/www.imekco.com\/pl\/wp-json\/wp\/v2\/pages\/3406"}],"collection":[{"href":"https:\/\/www.imekco.com\/pl\/wp-json\/wp\/v2\/pages"}],"about":[{"href":"https:\/\/www.imekco.com\/pl\/wp-json\/wp\/v2\/types\/page"}],"author":[{"embeddable":true,"href":"https:\/\/www.imekco.com\/pl\/wp-json\/wp\/v2\/users\/1"}],"replies":[{"embeddable":true,"href":"https:\/\/www.imekco.com\/pl\/wp-json\/wp\/v2\/comments?post=3406"}],"version-history":[{"count":3,"href":"https:\/\/www.imekco.com\/pl\/wp-json\/wp\/v2\/pages\/3406\/revisions"}],"predecessor-version":[{"id":6293,"href":"https:\/\/www.imekco.com\/pl\/wp-json\/wp\/v2\/pages\/3406\/revisions\/6293"}],"wp:attachment":[{"href":"https:\/\/www.imekco.com\/pl\/wp-json\/wp\/v2\/media?parent=3406"}],"curies":[{"name":"wp","href":"https:\/\/api.w.org\/{rel}","templated":true}]}}