{"id":3409,"date":"2017-12-18T22:59:30","date_gmt":"2017-12-18T19:59:30","guid":{"rendered":"http:\/\/www.imekco.com\/?page_id=3409"},"modified":"2018-12-10T18:03:59","modified_gmt":"2018-12-10T15:03:59","slug":"nasza-praktyka","status":"publish","type":"page","link":"https:\/\/www.imekco.com\/pl\/nasza-praktyka\/","title":{"rendered":"Us\u0142ugi"},"content":{"rendered":"<p>[vc_section css=&#8221;.vc_custom_1544453991085{margin-top: 30px !important;}&#8221;][vc_row css=&#8221;.vc_custom_1524737757081{margin-top: -30px !important;}&#8221;][vc_column][vc_custom_heading stm_title_font_weight=&#8221;600&#8243; text=&#8221;Rejestracja w\u0142asno\u015bci intelektualnej&#8221; font_container=&#8221;tag:h4|text_align:left&#8221; use_theme_fonts=&#8221;yes&#8221;][vc_row_inner css=&#8221;.vc_custom_1524677266595{margin-top: 0px !important;}&#8221;][vc_column_inner width=&#8221;1\/3&#8243;][stm_icon_box hide_title_line=&#8221;hide_title_line&#8221; add_link=&#8221;enable&#8221; icon=&#8221;fa fa-cogs&#8221; style=&#8221;icon_left&#8221; icon_size=&#8221;35&#8243; icon_color=&#8221;base&#8221; icon_bg_color=&#8221;custom&#8221; icon_bg_color_custom=&#8221;#ffffff&#8221; title=&#8221;Wynalazki i wzory u\u017cytkowe&#8221; title_font_size=&#8221;14&#8243; link=&#8221;url:https%3A%2F%2Fwww.imekco.com%2Fpl%2Fuslugi%2Fwynalazki-wzory-uzytkowe%2F|||&#8221;]Nowatorskie rozwi\u0105zanie problemu technicznego.[\/stm_icon_box][\/vc_column_inner][vc_column_inner width=&#8221;1\/3&#8243;][stm_icon_box hide_title_line=&#8221;hide_title_line&#8221; add_link=&#8221;enable&#8221; icon=&#8221;fa fa-bicycle&#8221; style=&#8221;icon_left&#8221; icon_size=&#8221;35&#8243; icon_color=&#8221;base&#8221; icon_bg_color=&#8221;custom&#8221; icon_bg_color_custom=&#8221;#ffffff&#8221; title=&#8221;Wzory przemys\u0142owe&#8221; title_font_size=&#8221;14&#8243; link=&#8221;url:https%3A%2F%2Fwww.imekco.com%2Fpl%2Fuslugi%2Fwzory-przemyslowe%2F|||&#8221;]Nowa i posiadaj\u0105ca indywidualny charakter posta\u0107 wytworu lub jego cz\u0119\u015bci.[\/stm_icon_box][\/vc_column_inner][vc_column_inner width=&#8221;1\/3&#8243;][stm_icon_box hide_title_line=&#8221;hide_title_line&#8221; add_link=&#8221;enable&#8221; icon=&#8221;fa fa-tags&#8221; style=&#8221;icon_left&#8221; icon_size=&#8221;35&#8243; icon_color=&#8221;base&#8221; icon_bg_color=&#8221;custom&#8221; icon_bg_color_custom=&#8221;#ffffff&#8221; title=&#8221;Znaki towarowe&#8221; title_font_size=&#8221;14&#8243; link=&#8221;url:https%3A%2F%2Fwww.imekco.com%2Fpl%2Fznaki-towarowe%2F|title:znaki%20towarowe||&#8221;]Ka\u017cde oznaczenie, kt\u00f3re mo\u017cna przedstawi\u0107 w spos\u00f3b gra\ufb01czny (wyraz, rysunek, ornament, kompozycja kolorystyczna, forma przestrzenna).[\/stm_icon_box][\/vc_column_inner][\/vc_row_inner][vc_row_inner css=&#8221;.vc_custom_1525537207760{margin-top: 10px !important;}&#8221;][vc_column_inner width=&#8221;1\/3&#8243;][stm_icon_box hide_title_line=&#8221;hide_title_line&#8221; icon=&#8221;fa fa-pencil-square-o&#8221; style=&#8221;icon_left&#8221; icon_size=&#8221;35&#8243; icon_color=&#8221;base&#8221; icon_bg_color=&#8221;custom&#8221; icon_bg_color_custom=&#8221;#ffffff&#8221; title=&#8221;Prawa autorskie&#8221; title_font_size=&#8221;14&#8243;]Prace literackie, artystyczne i inne, muzyka, wykonawstwo, programy komputerowe, bazy danych itp.[\/stm_icon_box][\/vc_column_inner][vc_column_inner width=&#8221;1\/3&#8243;][stm_icon_box hide_title_line=&#8221;hide_title_line&#8221; icon=&#8221;fa fa-map-marker&#8221; style=&#8221;icon_left&#8221; icon_size=&#8221;35&#8243; icon_color=&#8221;base&#8221; icon_bg_color=&#8221;custom&#8221; icon_bg_color_custom=&#8221;#ffffff&#8221; title=&#8221;Oznaczenia geograficzne (kwalifikowane)&#8221; title_font_size=&#8221;14&#8243;]<\/p>\n<div>\n<p>Oznaczenia, kt\u00f3re wskazuj\u0105 na pochodzenie towaru oraz na szczeg\u00f3lne cechy towaru, kt\u00f3re uzasadnione s\u0105 miejscem jego pochodzenia<\/p>\n<\/div>\n<p>[\/stm_icon_box][\/vc_column_inner][vc_column_inner width=&#8221;1\/3&#8243;][stm_icon_box hide_title_line=&#8221;hide_title_line&#8221; icon=&#8221;fa fa-globe&#8221; style=&#8221;icon_left&#8221; icon_size=&#8221;35&#8243; icon_color=&#8221;base&#8221; icon_bg_color=&#8221;custom&#8221; icon_bg_color_custom=&#8221;#ffffff&#8221; title=&#8221;Uzyskanie prawa w innych krajach&#8221; title_font_size=&#8221;14&#8243;]Patentowanie wynalazk\u00f3w i wzor\u00f3w u\u017cytkowych, wzor\u00f3w przemys\u0142owych, rejestracia znak\u00f3w towarowych.[\/stm_icon_box][\/vc_column_inner][\/vc_row_inner][vc_row_inner css=&#8221;.vc_custom_1525537201034{margin-top: 10px !important;}&#8221;][vc_column_inner width=&#8221;1\/3&#8243;][stm_icon_box hide_title_line=&#8221;hide_title_line&#8221; icon=&#8221;fa fa-random&#8221; style=&#8221;icon_left&#8221; icon_size=&#8221;35&#8243; icon_color=&#8221;base&#8221; icon_bg_color=&#8221;custom&#8221; icon_bg_color_custom=&#8221;#ffffff&#8221; title=&#8221;Inne us\u0142ugi doradcze w zakresie w\u0142asno\u015bci intelektualnej&#8221; title_font_size=&#8221;14&#8243;]Projekty um\u00f3w licencyjnych, monitorowanie termin\u00f3w, wnoszenie op\u0142at, dokonywanie zmian w rejestrach.[\/stm_icon_box][\/vc_column_inner][vc_column_inner width=&#8221;1\/3&#8243;][stm_icon_box hide_title_line=&#8221;hide_title_line&#8221; icon=&#8221;fa fa-laptop&#8221; style=&#8221;icon_left&#8221; icon_size=&#8221;35&#8243; icon_color=&#8221;base&#8221; icon_bg_color=&#8221;custom&#8221; icon_bg_color_custom=&#8221;#ffffff&#8221; title=&#8221;Us\u0142ugi zwi\u0105zane z uzyskaniem praw&#8221; title_font_size=&#8221;14&#8243;]T\u0142umaczenie material\u00f3w zg\u0142osze\u0144, projekty rysunk\u00f3w, szkic\u00f3w.[\/stm_icon_box][\/vc_column_inner][\/vc_row_inner][vc_separator border_width=&#8221;2&#8243;][vc_custom_heading stm_title_font_weight=&#8221;600&#8243; text=&#8221;Badania w zakresie w\u0142asno\u015bci intelektualnej&#8221; font_container=&#8221;tag:h4|text_align:left&#8221; use_theme_fonts=&#8221;yes&#8221; css=&#8221;.vc_custom_1544454231252{margin-top: -30px !important;}&#8221;][vc_row_inner css=&#8221;.vc_custom_1525538217920{margin-top: 0px !important;}&#8221;][vc_column_inner width=&#8221;1\/3&#8243;][stm_icon_box hide_title_line=&#8221;hide_title_line&#8221; icon=&#8221;fa fa-search&#8221; style=&#8221;icon_left&#8221; icon_size=&#8221;35&#8243; icon_color=&#8221;base&#8221; icon_bg_color=&#8221;custom&#8221; icon_bg_color_custom=&#8221;#ffffff&#8221; title=&#8221;Badania w zakresie znak\u00f3w towarowych&#8221; title_font_size=&#8221;14&#8243;]Wyszukiwanie, analiza i badanie zdolno\u015bci rejestracyjnej znaku towarowego.[\/stm_icon_box][\/vc_column_inner][vc_column_inner width=&#8221;1\/3&#8243;][stm_icon_box hide_title_line=&#8221;hide_title_line&#8221; icon=&#8221;fa fa-search&#8221; style=&#8221;icon_left&#8221; icon_size=&#8221;35&#8243; icon_color=&#8221;base&#8221; icon_bg_color=&#8221;custom&#8221; icon_bg_color_custom=&#8221;#ffffff&#8221; title=&#8221;Badania w zakresie wynalazk\u00f3w i wzor\u00f3w u\u017cytkowych&#8221; title_font_size=&#8221;14&#8243;]Analiza stanu techniki i ocena zdolno\u015bci patentowej wynalazku oraz wzoru u\u017cytkowego.[\/stm_icon_box][\/vc_column_inner][vc_column_inner width=&#8221;1\/3&#8243;][stm_icon_box hide_title_line=&#8221;hide_title_line&#8221; add_link=&#8221;enable&#8221; icon=&#8221;fa fa-search&#8221; style=&#8221;icon_left&#8221; icon_size=&#8221;35&#8243; icon_color=&#8221;base&#8221; icon_bg_color=&#8221;custom&#8221; icon_bg_color_custom=&#8221;#ffffff&#8221; title=&#8221;Badania w zakresie wzor\u00f3w przemys\u0142owych&#8221; title_font_size=&#8221;14&#8243; link=&#8221;url:https%3A%2F%2Fwww.imekco.com%2Fpractice%2Fdoslidzhennya-novizni-dizaynu%2F|||&#8221;]Analiza i badanie zdolno\u015bci rejestrowej wzoru przemys\u0142owego.[\/stm_icon_box][\/vc_column_inner][\/vc_row_inner][vc_row_inner css=&#8221;.vc_custom_1525538224630{margin-top: 0px !important;}&#8221;][vc_column_inner width=&#8221;1\/3&#8243;][stm_icon_box hide_title_line=&#8221;hide_title_line&#8221; icon=&#8221;fa fa-unlock&#8221; style=&#8221;icon_left&#8221; icon_size=&#8221;35&#8243; icon_color=&#8221;base&#8221; icon_bg_color=&#8221;custom&#8221; icon_bg_color_custom=&#8221;#ffffff&#8221; title=&#8221;Freedom to operate&#8221; title_font_size=&#8221;14&#8243;]Analiza i badanie w zakresie zidentyfikowania potencjalnych barier\u00f3w patentowych jakie moga zosta\u0107 przeszkod\u0105 do komercjalizacji opiniowanego produktu lub technologii.[\/stm_icon_box][\/vc_column_inner][vc_column_inner width=&#8221;1\/3&#8243;][stm_icon_box hide_title_line=&#8221;hide_title_line&#8221; icon=&#8221;fa fa-search&#8221; style=&#8221;icon_left&#8221; icon_size=&#8221;35&#8243; icon_color=&#8221;base&#8221; icon_bg_color=&#8221;custom&#8221; icon_bg_color_custom=&#8221;#ffffff&#8221; title=&#8221;Analiza ochrony przewag konkurencyjnych&#8221; title_font_size=&#8221;14&#8243;]Kompleksowa analiza i ocena bezpiecze\u0144stwa oraz mo\u017cliwo\u015bci ochrony przewag konkurencyjnych produktu, rozwi\u0105za\u0144 i cech wyr\u00f3\u017cniaj\u0105cych.[\/stm_icon_box][\/vc_column_inner][vc_column_inner width=&#8221;1\/3&#8243;][stm_icon_box hide_title_line=&#8221;hide_title_line&#8221; icon=&#8221;fa fa-truck&#8221; style=&#8221;icon_left&#8221; icon_size=&#8221;35&#8243; icon_color=&#8221;base&#8221; icon_bg_color=&#8221;custom&#8221; icon_bg_color_custom=&#8221;#ffffff&#8221; title=&#8221;Analiza ryzyka wstrzymania odprawy celnej&#8221; title_font_size=&#8221;14&#8243;]Ocena ryzyka wstrzymania odprawy celnej w Ukrainie i wycofania towar\u00f3w w zwi\u0105zku z podejrzeniem naruszenia praw w\u0142asno\u015bci intelektualnej.[\/stm_icon_box][\/vc_column_inner][\/vc_row_inner][vc_separator border_width=&#8221;2&#8243;][vc_row_inner css=&#8221;.vc_custom_1525538248774{margin-top: 0px !important;}&#8221;][vc_column_inner width=&#8221;1\/3&#8243;][stm_icon_box hide_title_line=&#8221;hide_title_line&#8221; icon=&#8221;fa fa-search&#8221; style=&#8221;icon_left&#8221; icon_size=&#8221;35&#8243; icon_color=&#8221;base&#8221; icon_bg_color=&#8221;custom&#8221; icon_bg_color_custom=&#8221;#ffffff&#8221; title=&#8221;Poszukiwanie partner\u00f3w biznesowych&#8221; title_font_size=&#8221;14&#8243;]Poszukiwanie partner\u00f3w biznesowych dla przedsi\u0119biorstw w celu nawi\u0105zania korzystnej dla obu stron wsp\u00f3\u0142pracy i wymiany do\u015bwiadcze\u0144.[\/stm_icon_box][\/vc_column_inner][vc_column_inner width=&#8221;1\/3&#8243;][stm_icon_box hide_title_line=&#8221;hide_title_line&#8221; icon=&#8221;fa fa-sliders&#8221; style=&#8221;icon_left&#8221; icon_size=&#8221;35&#8243; icon_color=&#8221;base&#8221; icon_bg_color=&#8221;custom&#8221; icon_bg_color_custom=&#8221;#ffffff&#8221; title=&#8221;Przegl\u0105d potencjalnych rynk\u00f3w eksportowych&#8221; title_font_size=&#8221;14&#8243;]Przegl\u0105d rynk\u00f3w eksportowych zgodnie z mo\u017cliwo\u015bciami i planami rozwoju przedsi\u0119biorstwa, analiza wielko\u015bci i dynamiki rozwoju rynku, analiza konkurencji i warunk\u00f3w rynkowych, a tak\u017ce analiza mo\u017cliwo\u015bci logistycznych, uwzgl\u0119dnienie innych osobliwo\u015bci.[\/stm_icon_box][\/vc_column_inner][vc_column_inner width=&#8221;1\/3&#8243;][stm_icon_box hide_title_line=&#8221;hide_title_line&#8221; icon=&#8221;fa fa-users&#8221; style=&#8221;icon_left&#8221; icon_size=&#8221;35&#8243; icon_color=&#8221;base&#8221; icon_bg_color=&#8221;custom&#8221; icon_bg_color_custom=&#8221;#ffffff&#8221; title=&#8221;Analiza warunk\u00f3w wej\u015bcia na rynek eksportowy&#8221; title_font_size=&#8221;14&#8243;]Analiza warunk\u00f3w wej\u015bcia na rynki zagraniczne (analiza barier technicznych, obecne i przysz\u0142e stawki taryfowe, obecno\u015b\u0107 standard\u00f3w i innych wymaga\u0144).[\/stm_icon_box][\/vc_column_inner][\/vc_row_inner][vc_separator border_width=&#8221;2&#8243;][vc_custom_heading stm_title_font_weight=&#8221;600&#8243; text=&#8221;Ochrona praw w\u0142asno\u015bci intelektualnej i sprawy z zakresu nieuczciwej konkurencji&#8221; font_container=&#8221;tag:h4|text_align:left&#8221; use_theme_fonts=&#8221;yes&#8221; css=&#8221;.vc_custom_1532022423088{margin-top: -30px !important;}&#8221;][vc_row_inner css=&#8221;.vc_custom_1524677274643{margin-top: 30px !important;}&#8221;][vc_column_inner width=&#8221;1\/3&#8243;][stm_icon_box hide_title_line=&#8221;hide_title_line&#8221; icon=&#8221;fa fa-users&#8221; style=&#8221;icon_left&#8221; icon_size=&#8221;30&#8243; icon_color=&#8221;base&#8221; icon_bg_color=&#8221;custom&#8221; icon_bg_color_custom=&#8221;#ffffff&#8221; title=&#8221;Reprezentacja przed Urz\u0119dem Patentowym Ukrainy&#8221; title_font_size=&#8221;14&#8243;]Prowadzenie spraw spornych \u2013 sprzeciwy, z\u0142o\u017cenie odwo\u0142ania od decyzji Urz\u0119du Patentowego Ukrainy.[\/stm_icon_box][\/vc_column_inner][vc_column_inner width=&#8221;1\/3&#8243;][stm_icon_box hide_title_line=&#8221;hide_title_line&#8221; icon=&#8221;fa fa-users&#8221; style=&#8221;icon_left&#8221; icon_size=&#8221;30&#8243; icon_color=&#8221;base&#8221; icon_bg_color=&#8221;custom&#8221; icon_bg_color_custom=&#8221;#ffffff&#8221; title=&#8221;Reprezentacja przed s\u0105dami i organami w\u0142adzy&#8221; title_font_size=&#8221;14&#8243;]Prowadzenie spraw spornych w s\u0105dach i organach w\u0142adzy w zakresie w\u0142asno\u015bci intelektualnej.[\/stm_icon_box][\/vc_column_inner][vc_column_inner width=&#8221;1\/3&#8243;][stm_icon_box hide_title_line=&#8221;hide_title_line&#8221; icon=&#8221;fa fa-users&#8221; style=&#8221;icon_left&#8221; icon_size=&#8221;30&#8243; icon_color=&#8221;base&#8221; icon_bg_color=&#8221;custom&#8221; icon_bg_color_custom=&#8221;#ffffff&#8221; title=&#8221;Reprezentacja przed Komitetem Antymonopolowym&#8221; title_font_size=&#8221;14&#8243;]Prowadzenie spraw spornych w zakresie nieuczciwej konkurencji.[\/stm_icon_box][\/vc_column_inner][\/vc_row_inner][vc_row_inner css=&#8221;.vc_custom_1524677274643{margin-top: 30px !important;}&#8221;][vc_column_inner width=&#8221;1\/3&#8243;][stm_icon_box hide_title_line=&#8221;hide_title_line&#8221; icon=&#8221;fa fa-truck&#8221; style=&#8221;icon_left&#8221; icon_size=&#8221;35&#8243; icon_color=&#8221;base&#8221; icon_bg_color=&#8221;custom&#8221; icon_bg_color_custom=&#8221;#ffffff&#8221; title=&#8221;Ochrona praw w\u0142asno\u015bci intelektualnej w Urz\u0119dzie celnym&#8221; title_font_size=&#8221;14&#8243;]Wprowadzanie do rejestru celnego przedmiot\u00f3w w\u0142asno\u015bci intelektualnej, kwalifikowana ocena istnienia naruszenia praw w\u0142asno\u015bci intelektualnej podczas importu\/eksportu towar\u00f3w.[\/stm_icon_box][\/vc_column_inner][vc_column_inner width=&#8221;1\/3&#8243;][stm_icon_box hide_title_line=&#8221;hide_title_line&#8221; add_link=&#8221;enable&#8221; icon=&#8221;fa fa-eye&#8221; style=&#8221;icon_left&#8221; icon_size=&#8221;35&#8243; icon_color=&#8221;base&#8221; icon_bg_color=&#8221;custom&#8221; icon_bg_color_custom=&#8221;#ffffff&#8221; title=&#8221;\u015aledzenie i przeciwdzia\u0142anie nadu\u017cyciom w Internecie&#8221; title_font_size=&#8221;14&#8243; link=&#8221;url:https%3A%2F%2Fwww.imekco.com%2Fpractice%2Fvidstezhennya-i-protidiya-porushennyam-v-i%2F|||&#8221;]Monitoryng i przeciwdzia\u0142anie naruszeniom praw do przedmiot\u00f3w w\u0142asno\u015bci intelektualnej w Internecie, w szczeg\u00f3lno\u015bci w wyszukiwarkach i na platformach transakcyjnych.[\/stm_icon_box][\/vc_column_inner][vc_column_inner width=&#8221;1\/3&#8243;][\/vc_column_inner][\/vc_row_inner][vc_separator border_width=&#8221;2&#8243;][vc_empty_space][\/vc_column][\/vc_row][\/vc_section]<\/p>\n","protected":false},"excerpt":{"rendered":"<p>[vc_section css=&#8221;.vc_custom_1544453991085{margin-top: 30px !important;}&#8221;][vc_row css=&#8221;.vc_custom_1524737757081{margin-top: -30px !important;}&#8221;][vc_column][vc_custom_heading stm_title_font_weight=&#8221;600&#8243; text=&#8221;Rejestracja w\u0142asno\u015bci intelektualnej&#8221; font_container=&#8221;tag:h4|text_align:left&#8221; use_theme_fonts=&#8221;yes&#8221;][vc_row_inner css=&#8221;.vc_custom_1524677266595{margin-top: 0px !important;}&#8221;][vc_column_inner width=&#8221;1\/3&#8243;][stm_icon_box hide_title_line=&#8221;hide_title_line&#8221; add_link=&#8221;enable&#8221; icon=&#8221;fa fa-cogs&#8221; style=&#8221;icon_left&#8221; icon_size=&#8221;35&#8243; icon_color=&#8221;base&#8221; icon_bg_color=&#8221;custom&#8221; icon_bg_color_custom=&#8221;#ffffff&#8221; title=&#8221;Wynalazki i wzory u\u017cytkowe&#8221; title_font_size=&#8221;14&#8243; link=&#8221;url:https%3A%2F%2Fwww.imekco.com%2Fpl%2Fuslugi%2Fwynalazki-wzory-uzytkowe%2F|||&#8221;]Nowatorskie rozwi\u0105zanie problemu technicznego.[\/stm_icon_box][\/vc_column_inner][vc_column_inner width=&#8221;1\/3&#8243;][stm_icon_box hide_title_line=&#8221;hide_title_line&#8221; add_link=&#8221;enable&#8221; icon=&#8221;fa fa-bicycle&#8221; style=&#8221;icon_left&#8221; icon_size=&#8221;35&#8243; icon_color=&#8221;base&#8221; icon_bg_color=&#8221;custom&#8221; icon_bg_color_custom=&#8221;#ffffff&#8221; title=&#8221;Wzory przemys\u0142owe&#8221; title_font_size=&#8221;14&#8243; link=&#8221;url:https%3A%2F%2Fwww.imekco.com%2Fpl%2Fuslugi%2Fwzory-przemyslowe%2F|||&#8221;]Nowa i posiadaj\u0105ca indywidualny charakter posta\u0107 wytworu<\/p>\n","protected":false},"author":1,"featured_media":0,"parent":0,"menu_order":3,"comment_status":"closed","ping_status":"closed","template":"","meta":{"footnotes":""},"_links":{"self":[{"href":"https:\/\/www.imekco.com\/pl\/wp-json\/wp\/v2\/pages\/3409"}],"collection":[{"href":"https:\/\/www.imekco.com\/pl\/wp-json\/wp\/v2\/pages"}],"about":[{"href":"https:\/\/www.imekco.com\/pl\/wp-json\/wp\/v2\/types\/page"}],"author":[{"embeddable":true,"href":"https:\/\/www.imekco.com\/pl\/wp-json\/wp\/v2\/users\/1"}],"replies":[{"embeddable":true,"href":"https:\/\/www.imekco.com\/pl\/wp-json\/wp\/v2\/comments?post=3409"}],"version-history":[{"count":0,"href":"https:\/\/www.imekco.com\/pl\/wp-json\/wp\/v2\/pages\/3409\/revisions"}],"wp:attachment":[{"href":"https:\/\/www.imekco.com\/pl\/wp-json\/wp\/v2\/media?parent=3409"}],"curies":[{"name":"wp","href":"https:\/\/api.w.org\/{rel}","templated":true}]}}