{"id":3411,"date":"2017-12-18T23:04:57","date_gmt":"2017-12-18T20:04:57","guid":{"rendered":"http:\/\/www.imekco.com\/?page_id=3411"},"modified":"2020-09-16T18:08:20","modified_gmt":"2020-09-16T15:08:20","slug":"kontakt","status":"publish","type":"page","link":"https:\/\/www.imekco.com\/pl\/kontakt\/","title":{"rendered":"Kontakt"},"content":{"rendered":"<p>[vc_row][vc_column][vc_column_text]<\/p>\n<p style=\"text-align: center;\"><strong><span style=\"font-size: 14pt;\">Skontaktuj si\u0119 z nami<\/span><\/strong><\/p>\n<p style=\"text-align: center;\"><strong>Ch\u0119tnie odpowiemy na wszystkie pytania, udzielimy niezb\u0119dnych wyja\u015bnie\u0144 i komentarzy przez telefon lub w naszym biurze.<\/strong><\/p>\n<p style=\"text-align: center;\">Address: ul. Jana Paw\u0142a \u0406\u0406, dom 4\/6-A, office 404, Kij\u00f3w, 01042, Ukraina<\/p>\n<p style=\"text-align: center;\">Tel. +38 044 209 98 42<\/p>\n<p style=\"text-align: center;\">Email: <a href=\"mailto:mail@imekco.com\">mail@imekco.com<\/a> \u00a0\u00a0\u00a0\u00a0\u00a0\u00a0 Skype: atamanchuk_a<\/p>\n<p style=\"text-align: center;\">Od poniedzia\u0142ku do pi\u0105tku: 9:30\u201318:30 (UTC+2)<\/p>\n<p style=\"text-align: center;\"><strong><a href=\"https:\/\/www.facebook.com\/imekco\">Facebook<\/a><\/strong> \u00a0\u00a0\u00a0\u00a0\u00a0\u00a0\u00a0\u00a0 <a href=\"https:\/\/www.linkedin.com\/company\/18326113\/\"><strong>Linkedin<\/strong><\/a><\/p>\n<p>[\/vc_column_text][\/vc_column][\/vc_row]<\/p>\n","protected":false},"excerpt":{"rendered":"<p>[vc_row][vc_column][vc_column_text] Skontaktuj si\u0119 z nami Ch\u0119tnie odpowiemy na wszystkie pytania, udzielimy niezb\u0119dnych wyja\u015bnie\u0144 i komentarzy przez telefon lub w naszym biurze. Address: ul. Jana Paw\u0142a \u0406\u0406, dom 4\/6-A, office 404, Kij\u00f3w, 01042, Ukraina Tel. +38 044 209 98 42 Email: mail@imekco.com \u00a0\u00a0\u00a0\u00a0\u00a0\u00a0 Skype: atamanchuk_a Od poniedzia\u0142ku do pi\u0105tku: 9:30\u201318:30 (UTC+2) Facebook \u00a0\u00a0\u00a0\u00a0\u00a0\u00a0\u00a0\u00a0 Linkedin [\/vc_column_text][\/vc_column][\/vc_row]<\/p>\n","protected":false},"author":1,"featured_media":0,"parent":0,"menu_order":0,"comment_status":"closed","ping_status":"closed","template":"","meta":{"footnotes":""},"_links":{"self":[{"href":"https:\/\/www.imekco.com\/pl\/wp-json\/wp\/v2\/pages\/3411"}],"collection":[{"href":"https:\/\/www.imekco.com\/pl\/wp-json\/wp\/v2\/pages"}],"about":[{"href":"https:\/\/www.imekco.com\/pl\/wp-json\/wp\/v2\/types\/page"}],"author":[{"embeddable":true,"href":"https:\/\/www.imekco.com\/pl\/wp-json\/wp\/v2\/users\/1"}],"replies":[{"embeddable":true,"href":"https:\/\/www.imekco.com\/pl\/wp-json\/wp\/v2\/comments?post=3411"}],"version-history":[{"count":6,"href":"https:\/\/www.imekco.com\/pl\/wp-json\/wp\/v2\/pages\/3411\/revisions"}],"predecessor-version":[{"id":6317,"href":"https:\/\/www.imekco.com\/pl\/wp-json\/wp\/v2\/pages\/3411\/revisions\/6317"}],"wp:attachment":[{"href":"https:\/\/www.imekco.com\/pl\/wp-json\/wp\/v2\/media?parent=3411"}],"curies":[{"name":"wp","href":"https:\/\/api.w.org\/{rel}","templated":true}]}}