{"id":4786,"date":"2017-09-02T18:12:01","date_gmt":"2017-09-02T15:12:01","guid":{"rendered":"https:\/\/www.imekco.com\/uslugi\/tm\/"},"modified":"2020-02-18T20:18:34","modified_gmt":"2020-02-18T17:18:34","slug":"tm","status":"publish","type":"page","link":"https:\/\/www.imekco.com\/pl\/tm\/","title":{"rendered":"Znaki towarowe"},"content":{"rendered":"<p style=\"text-align: justify;\">Znak towarowy &#8211; dowolne oznakowanie albo kombinacja oznacze\u0144, kt\u00f3re s\u0105 przydatne dla odr\u00f3\u017cnienia towar\u00f3w (us\u0142ug), wytwarzanych (udzielanych) przez jedn\u0105 osob\u0105, od towar\u00f3w (us\u0142ug), wytwarzanych (udzielanych) przez inne osoby (np. s\u0142owa, litery, elementy graficzne, oznaczenia obj\u0119to\u015bciowe, d\u017awi\u0119ki oraz ich kombinacje).<\/p>\n<p style=\"text-align: justify;\">Zg\u0142oszenie znaku towarowego na Ukrainie potwierdza si\u0119 \u015bwiadectwem. Rejestracja wed\u0142ug procedury Madryckiej potwierdzana jest wydaniem certyfikatu.<\/p>\n<p style=\"text-align: justify;\">Terytorium obowi\u0105zywania &#8211; Ukraina. Ochrona znaku towarowego obejmuje okres 10 lat od daty zg\u0142oszenia, z mo\u017cliwo\u015bci\u0105 jego przed\u0142u\u017cania na kolejne 10 letnie okresy.<\/p>\n<p style=\"text-align: justify;\">Terminy rejestracji 18-20 mies. albo przy\u015bpieszon\u0105 7-9 mies.<\/p>\n<h5 style=\"text-align: justify;\">Proponujemy:<\/h5>\n<ul>\n<li style=\"text-align: justify;\">rejestracja znaku towarowego na Ukrainie (zwyk\u0142\u0105 procedur\u0105 oko\u0142o 18-20 mies. albo przy\u015bpieszon\u0105 7-9 mies.)<\/li>\n<li style=\"text-align: justify;\">rejestracja znaku towarowego w innych krajach<\/li>\n<li style=\"text-align: justify;\">badanie zdolno\u015bci rejestrowej znaku (istnienie podstaw dla absolutnej odmowy\u00a0 rejestracji i oznakowania, kt\u00f3re mo\u017ce by\u0107 podstaw\u0105 dla odmowy rejestracji znaku)<\/li>\n<li style=\"text-align: justify;\">analiza prawna perspektyw post\u0119powania s\u0105dowego lub administracyjnego za naruszenie prawa do znaku towarowego<\/li>\n<li style=\"text-align: justify;\">tworzenie bazy dowodowej dla post\u0119powania s\u0105dowego lub administracyjnego za naruszenie prawa do znaku towarowego<\/li>\n<li style=\"text-align: justify;\">ochrona prawa do znaku towarowego w trybie s\u0105dowym lub administracyjnym<\/li>\n<li style=\"text-align: justify;\">konsultacje w sprawach dotycz\u0105cych przekazywania praw (przygotowywanie um\u00f3w licencyjnych, ich rejestracja)<\/li>\n<li style=\"text-align: justify;\">ochrona praw i interes\u00f3w wnioskodawc\u00f3w rejestracji znaku przez Urz\u0105d Patentowy przy wcze\u015bniejszej lub ostatecznej odmowie rejestracji znaku<\/li>\n<li style=\"text-align: justify;\">wnoszenie informacji o opatentowanych znakach do Rejestru Celnego (EORI)<\/li>\n<li style=\"text-align: justify;\">pozosta\u0142e us\u0142ugi, zwi\u0105zane ze znakami towarowymi<\/li>\n<\/ul>\n<p>&nbsp;<\/p>\n<p><strong>Skontaktuj si\u0119 z nami<\/strong><\/p>\n<p>Tel. +38 044 209 98 42<\/p>\n<p>Email: <a href=\"mailto:mail@imekco.com\">mail@imekco.com<\/a> \u00a0\u00a0\u00a0\u00a0\u00a0\u00a0 Skype: atamanchuk_a<\/p>\n<p>Od poniedzia\u0142ku do pi\u0105tku: 9:30\u201318:30 (UTC+2)<\/p>\n","protected":false},"excerpt":{"rendered":"<p>Znak towarowy &#8211; dowolne oznakowanie albo kombinacja oznacze\u0144, kt\u00f3re s\u0105 przydatne dla odr\u00f3\u017cnienia towar\u00f3w (us\u0142ug), wytwarzanych (udzielanych) przez jedn\u0105 osob\u0105, od towar\u00f3w (us\u0142ug), wytwarzanych (udzielanych) przez inne osoby (np. s\u0142owa, litery, elementy graficzne, oznaczenia obj\u0119to\u015bciowe, d\u017awi\u0119ki oraz ich kombinacje). Zg\u0142oszenie znaku towarowego na Ukrainie potwierdza si\u0119 \u015bwiadectwem. Rejestracja wed\u0142ug procedury Madryckiej potwierdzana jest wydaniem certyfikatu.<\/p>\n","protected":false},"author":1,"featured_media":0,"parent":0,"menu_order":0,"comment_status":"closed","ping_status":"closed","template":"","meta":{"footnotes":""},"_links":{"self":[{"href":"https:\/\/www.imekco.com\/pl\/wp-json\/wp\/v2\/pages\/4786"}],"collection":[{"href":"https:\/\/www.imekco.com\/pl\/wp-json\/wp\/v2\/pages"}],"about":[{"href":"https:\/\/www.imekco.com\/pl\/wp-json\/wp\/v2\/types\/page"}],"author":[{"embeddable":true,"href":"https:\/\/www.imekco.com\/pl\/wp-json\/wp\/v2\/users\/1"}],"replies":[{"embeddable":true,"href":"https:\/\/www.imekco.com\/pl\/wp-json\/wp\/v2\/comments?post=4786"}],"version-history":[{"count":3,"href":"https:\/\/www.imekco.com\/pl\/wp-json\/wp\/v2\/pages\/4786\/revisions"}],"predecessor-version":[{"id":6269,"href":"https:\/\/www.imekco.com\/pl\/wp-json\/wp\/v2\/pages\/4786\/revisions\/6269"}],"wp:attachment":[{"href":"https:\/\/www.imekco.com\/pl\/wp-json\/wp\/v2\/media?parent=4786"}],"curies":[{"name":"wp","href":"https:\/\/api.w.org\/{rel}","templated":true}]}}