{"id":4790,"date":"2018-07-29T13:55:13","date_gmt":"2018-07-29T10:55:13","guid":{"rendered":"https:\/\/www.imekco.com\/?page_id=4790"},"modified":"2018-12-10T18:22:51","modified_gmt":"2018-12-10T15:22:51","slug":"wynalazki-wzory-uzytkowe","status":"publish","type":"page","link":"https:\/\/www.imekco.com\/pl\/wynalazki-wzory-uzytkowe\/","title":{"rendered":"Wynalazki, wz\u00f3ry u\u017cytkowe"},"content":{"rendered":"<p>[vc_row][vc_column][vc_row_inner][vc_column_inner width=&#8221;1\/6&#8243; css=&#8221;.vc_custom_1530897086575{margin-top: 10px !important;}&#8221;][vc_icon icon_fontawesome=&#8221;fa fa-cogs&#8221; color=&#8221;custom&#8221; size=&#8221;lg&#8221; align=&#8221;center&#8221; custom_color=&#8221;#0b3c5d&#8221;][\/vc_column_inner][vc_column_inner width=&#8221;5\/6&#8243;][vc_column_text]<\/p>\n<p style=\"text-align: justify;\"><span style=\"font-size: 14pt;\">Wynalazek, albo wz\u00f3r u\u017cytkowy &#8211; wynik dzia\u0142alno\u015bci intelektualnej cz\u0142owieka w jakimkolwiek zakresie technologii, kt\u00f3ry znajduje swoje wyra\u017cenie w obiektach materialnych lub w procesach (technologiach).<\/span><\/p>\n<p>Na Ukrainie opatentowanie wynalazku i wzoru u\u017cytkowego po\u015bwiadcza si\u0119 wydaniem patentu.<\/p>\n<p>Ochrona patentowa wynosi maksymalnie dwadzie\u015bcia lat od daty dokonania zg\u0142oszenia wynalazku (w niekt\u00f3rych przypadkach mo\u017ce by\u0107 przed\u0142u\u017cony o 5 lat) i 10 lat dla wzor\u00f3w u\u017cytkowych. Za ka\u017cdy rok utrzymania wa\u017cno\u015bci patentu uiszcza si\u0119 op\u0142at\u0119.<\/p>\n<p>Patent i prawo ochronne jest prawem terytorialnym ograniczonym granicami geograficznymi pa\u0144stwa.<\/p>\n<p>Zwyk\u0142y termin opatentowania wynalazku 2-3 lata, a wzoru u\u017cytkowego 8-12 mies.<\/p>\n<p>&nbsp;<\/p>\n<h5>Proponujemy:<\/h5>\n<ul>\n<li>opatentowanie wynalazk\u00f3w i wzor\u00f3w u\u017cytkowych na Ukrainie,\u00a0 w innych krajach (procedura krajowa, procedura mi\u0119dzynarodowa PCT)<\/li>\n<li>badanie zdolno\u015bci patentowej<\/li>\n<li>analiza prawna perspektyw post\u0119powania s\u0105dowego lub administracyjnego za naruszenie prawa na wynalazki i wzory u\u017cytkowe<\/li>\n<li>tworzenie bazy dowodowej dla post\u0119powania s\u0105dowego lub administracyjnego za naruszenie prawa na wynalazki i wzory u\u017cytkowe<\/li>\n<li>ochrona praw na wynalazki i wzory u\u017cytkowe w trybie s\u0105dowym lub administracyjnym<\/li>\n<li>konsultowanie w sprawach dotycz\u0105cych przekazywania praw (przygotowywanie um\u00f3w licencyjnych, ich rejestracja)<\/li>\n<li>wnoszenie informacji o opatentowanych wynalazkach i wzorach u\u017cytkowych do Rejestru Celnego (EORI)<\/li>\n<li>inne us\u0142ugi<\/li>\n<\/ul>\n<p>[\/vc_column_text][vc_separator][\/vc_column_inner][\/vc_row_inner][\/vc_column][\/vc_row]<\/p>\n","protected":false},"excerpt":{"rendered":"<p>[vc_row][vc_column][vc_row_inner][vc_column_inner width=&#8221;1\/6&#8243; css=&#8221;.vc_custom_1530897086575{margin-top: 10px !important;}&#8221;][vc_icon icon_fontawesome=&#8221;fa fa-cogs&#8221; color=&#8221;custom&#8221; size=&#8221;lg&#8221; align=&#8221;center&#8221; custom_color=&#8221;#0b3c5d&#8221;][\/vc_column_inner][vc_column_inner width=&#8221;5\/6&#8243;][vc_column_text] Wynalazek, albo wz\u00f3r u\u017cytkowy &#8211; wynik dzia\u0142alno\u015bci intelektualnej cz\u0142owieka w jakimkolwiek zakresie technologii, kt\u00f3ry znajduje swoje wyra\u017cenie w obiektach materialnych lub w procesach (technologiach). Na Ukrainie opatentowanie wynalazku i wzoru u\u017cytkowego po\u015bwiadcza si\u0119 wydaniem patentu. Ochrona patentowa wynosi maksymalnie dwadzie\u015bcia lat od daty<\/p>\n","protected":false},"author":1,"featured_media":0,"parent":0,"menu_order":0,"comment_status":"closed","ping_status":"closed","template":"","meta":{"footnotes":""},"_links":{"self":[{"href":"https:\/\/www.imekco.com\/pl\/wp-json\/wp\/v2\/pages\/4790"}],"collection":[{"href":"https:\/\/www.imekco.com\/pl\/wp-json\/wp\/v2\/pages"}],"about":[{"href":"https:\/\/www.imekco.com\/pl\/wp-json\/wp\/v2\/types\/page"}],"author":[{"embeddable":true,"href":"https:\/\/www.imekco.com\/pl\/wp-json\/wp\/v2\/users\/1"}],"replies":[{"embeddable":true,"href":"https:\/\/www.imekco.com\/pl\/wp-json\/wp\/v2\/comments?post=4790"}],"version-history":[{"count":1,"href":"https:\/\/www.imekco.com\/pl\/wp-json\/wp\/v2\/pages\/4790\/revisions"}],"predecessor-version":[{"id":6091,"href":"https:\/\/www.imekco.com\/pl\/wp-json\/wp\/v2\/pages\/4790\/revisions\/6091"}],"wp:attachment":[{"href":"https:\/\/www.imekco.com\/pl\/wp-json\/wp\/v2\/media?parent=4790"}],"curies":[{"name":"wp","href":"https:\/\/api.w.org\/{rel}","templated":true}]}}