{"id":4795,"date":"2018-07-29T14:24:29","date_gmt":"2018-07-29T11:24:29","guid":{"rendered":"https:\/\/www.imekco.com\/?page_id=4795"},"modified":"2020-02-18T20:20:40","modified_gmt":"2020-02-18T17:20:40","slug":"wzory-przemyslowe","status":"publish","type":"page","link":"https:\/\/www.imekco.com\/pl\/nasza-praktyka\/wzory-przemyslowe\/","title":{"rendered":"Wz\u00f3ry przemys\u0142owe"},"content":{"rendered":"<p style=\"text-align: justify;\">Wzorem przemys\u0142owym jest nowa i posiadaj\u0105ca indywidualny charakter posta\u0107 wytworu lub jego cz\u0119\u015bci, nadana mu w szczeg\u00f3lno\u015bci przez cechy linii, kontur\u00f3w, kszta\u0142t\u00f3w, kolorystyk\u0119, struktur\u0119 lub materia\u0142 wytworu oraz przez jego ornamentacje. Wytworem jest ka\u017cdy przedmiot wytworzony w spos\u00f3b przemys\u0142owy lub rzemie\u015blniczy, obejmuj\u0105cy w szczeg\u00f3lno\u015bci opakowanie, symbole graficzne oraz kroje pisma typograficznego, z wy\u0142\u0105czeniem program\u00f3w komputerowych<\/p>\n<p style=\"text-align: justify;\">Na Ukrainie opatentowanie wzoru przemys\u0142owego na jej terytorium po\u015bwiadcza si\u0119 wydaniem patentu.<\/p>\n<p style=\"text-align: justify;\">Ochrona patentowa wynosi maksymalnie 10 lat od daty dokonania zg\u0142oszenia i mo\u017ce by\u0107 przed\u0142u\u017cona o 5 lat. Za ka\u017cdy rok utrzymania wa\u017cno\u015bci patentu uiszcza si\u0119 op\u0142at\u0119.<\/p>\n<p style=\"text-align: justify;\">Patent jest prawem terytorialnym ograniczonym granicami geograficznymi Ukrainy.<\/p>\n<p style=\"text-align: justify;\">Zwyk\u0142y termin opatentowania wzoru przemys\u0142owego &#8211; 1 rok.<\/p>\n<h5 style=\"text-align: justify;\">Proponujemy:<\/h5>\n<ul>\n<li style=\"text-align: justify;\">opatentowanie wzor\u00f3w przemys\u0142owych na Ukrainie zgodnie z procedura zwyk\u0142a procedura (1 rok) lub przy\u015bpieszon\u0105 (2-4 mies.)<\/li>\n<li style=\"text-align: justify;\">rejestracja wzor\u00f3w przemys\u0142owych w innych krajach<\/li>\n<li style=\"text-align: justify;\">badanie zdolno\u015bci rejestrowej<\/li>\n<li style=\"text-align: justify;\">analiza prawna perspektyw post\u0119powania s\u0105dowego lub administracyjnego za naruszenie prawa do wzor\u00f3w przemys\u0142owych<\/li>\n<li style=\"text-align: justify;\">tworzenie bazy dowodowej dla post\u0119powania s\u0105dowego lub administracyjnego za naruszenie prawa do wzor\u00f3w przemys\u0142owych<\/li>\n<li style=\"text-align: justify;\">ochrona prawa do wzor\u00f3w przemys\u0142owych w trybie s\u0105dowym lub administracyjnym<\/li>\n<li style=\"text-align: justify;\">konsultacje w sprawach dotycz\u0105cych przekazywania praw (przygotowanie um\u00f3w licencyjnych, ich rejestracja)<\/li>\n<li style=\"text-align: justify;\">wnoszenie informacji na temat opatentowanych wzor\u00f3w przemys\u0142owych do rejestru Celnego (EORI)<\/li>\n<li style=\"text-align: justify;\">inne us\u0142ugi<\/li>\n<\/ul>\n<p>&nbsp;<\/p>\n<p><strong>Skontaktuj si\u0119 z nami<br \/>\n<\/strong>Tel. +38 044 209 98 42<br \/>\nEmail: <a href=\"mailto:mail@imekco.com\">mail@imekco.com<\/a> \u00a0\u00a0\u00a0\u00a0\u00a0\u00a0 Skype: atamanchuk_a<br \/>\nOd poniedzia\u0142ku do pi\u0105tku: 9:30\u201318:30 (UTC+2)<\/p>\n","protected":false},"excerpt":{"rendered":"<p>Wzorem przemys\u0142owym jest nowa i posiadaj\u0105ca indywidualny charakter posta\u0107 wytworu lub jego cz\u0119\u015bci, nadana mu w szczeg\u00f3lno\u015bci przez cechy linii, kontur\u00f3w, kszta\u0142t\u00f3w, kolorystyk\u0119, struktur\u0119 lub materia\u0142 wytworu oraz przez jego ornamentacje. Wytworem jest ka\u017cdy przedmiot wytworzony w spos\u00f3b przemys\u0142owy lub rzemie\u015blniczy, obejmuj\u0105cy w szczeg\u00f3lno\u015bci opakowanie, symbole graficzne oraz kroje pisma typograficznego, z wy\u0142\u0105czeniem program\u00f3w komputerowych<\/p>\n","protected":false},"author":1,"featured_media":0,"parent":3409,"menu_order":0,"comment_status":"closed","ping_status":"closed","template":"","meta":{"footnotes":""},"_links":{"self":[{"href":"https:\/\/www.imekco.com\/pl\/wp-json\/wp\/v2\/pages\/4795"}],"collection":[{"href":"https:\/\/www.imekco.com\/pl\/wp-json\/wp\/v2\/pages"}],"about":[{"href":"https:\/\/www.imekco.com\/pl\/wp-json\/wp\/v2\/types\/page"}],"author":[{"embeddable":true,"href":"https:\/\/www.imekco.com\/pl\/wp-json\/wp\/v2\/users\/1"}],"replies":[{"embeddable":true,"href":"https:\/\/www.imekco.com\/pl\/wp-json\/wp\/v2\/comments?post=4795"}],"version-history":[{"count":2,"href":"https:\/\/www.imekco.com\/pl\/wp-json\/wp\/v2\/pages\/4795\/revisions"}],"predecessor-version":[{"id":6271,"href":"https:\/\/www.imekco.com\/pl\/wp-json\/wp\/v2\/pages\/4795\/revisions\/6271"}],"up":[{"embeddable":true,"href":"https:\/\/www.imekco.com\/pl\/wp-json\/wp\/v2\/pages\/3409"}],"wp:attachment":[{"href":"https:\/\/www.imekco.com\/pl\/wp-json\/wp\/v2\/media?parent=4795"}],"curies":[{"name":"wp","href":"https:\/\/api.w.org\/{rel}","templated":true}]}}